{"id":9929,"date":"2024-11-28T07:42:06","date_gmt":"2024-11-28T07:42:06","guid":{"rendered":"https:\/\/energora.de\/?page_id=9929"},"modified":"2025-01-02T15:32:24","modified_gmt":"2025-01-02T15:32:24","slug":"danke","status":"publish","type":"page","link":"https:\/\/energora.de\/ua\/danke\/","title":{"rendered":"Erfolgreiche Best\u00e4tigung der E-Mail: Bestellung"},"content":{"rendered":"<div data-elementor-type=\"wp-page\" data-elementor-id=\"9929\" class=\"elementor elementor-9929\" data-elementor-post-type=\"page\">\n\t\t\t\t<div class=\"elementor-element elementor-element-63fa0b1b e-flex e-con-boxed e-con e-parent\" data-id=\"63fa0b1b\" data-element_type=\"container\" data-e-type=\"container\">\n\t\t\t\t\t<div class=\"e-con-inner\">\n\t\t\t\t<div class=\"elementor-element elementor-element-c7c123b elementor-widget elementor-widget-heading\" data-id=\"c7c123b\" data-element_type=\"widget\" data-e-type=\"widget\" data-widget_type=\"heading.default\">\n\t\t\t\t<div class=\"elementor-widget-container\">\n\t\t\t\t\t<h2 class=\"elementor-heading-title elementor-size-default\">\u0429\u0438\u0440\u043e \u0434\u044f\u043a\u0443\u0454\u043c\u043e \u0437\u0430 \u043f\u0456\u0434\u0442\u0432\u0435\u0440\u0434\u0436\u0435\u043d\u043d\u044f \u0412\u0430\u0448\u043e\u0457 \u0435\u043b\u0435\u043a\u0442\u0440\u043e\u043d\u043d\u043e\u0457 \u0430\u0434\u0440\u0435\u0441\u0438!<\/h2>\t\t\t\t<\/div>\n\t\t\t\t<\/div>\n\t\t\t\t<div class=\"elementor-element elementor-element-14d25f2a elementor-widget elementor-widget-text-editor\" data-id=\"14d25f2a\" data-element_type=\"widget\" data-e-type=\"widget\" data-widget_type=\"text-editor.default\">\n\t\t\t\t<div class=\"elementor-widget-container\">\n\t\t\t\t\t\t\t\t\t<p>\u0412\u0430\u0448\u0435 \u0437\u0430\u043c\u043e\u0432\u043b\u0435\u043d\u043d\u044f \u0431\u0443\u043b\u043e \u043e\u0442\u0440\u0438\u043c\u0430\u043d\u043e, \u0456 \u0432\u0441\u0456 \u0434\u0435\u0442\u0430\u043b\u0456 \u0431\u0443\u043b\u0438 \u043d\u0430\u0434\u0456\u0441\u043b\u0430\u043d\u0456 \u043d\u0430 \u0412\u0430\u0448\u0443 \u0435\u043b\u0435\u043a\u0442\u0440\u043e\u043d\u043d\u0443 \u0430\u0434\u0440\u0435\u0441\u0443.<\/p><p>\u041c\u0438 \u0456\u043d\u0444\u043e\u0440\u043c\u0443\u0432\u0430\u0442\u0438\u043c\u0435\u043c\u043e \u0412\u0430\u0441 \u043f\u0440\u043e \u0445\u0456\u0434 \u0440\u0435\u0454\u0441\u0442\u0440\u0430\u0446\u0456\u0457 \u0442\u0430 \u0434\u0430\u0442\u0443 \u043f\u0435\u0440\u0435\u0445\u043e\u0434\u0443 \u0432\u0456\u0434 \u0412\u0430\u0448\u043e\u0433\u043e \u043f\u043e\u043f\u0435\u0440\u0435\u0434\u043d\u044c\u043e\u0433\u043e \u043f\u043e\u0441\u0442\u0430\u0447\u0430\u043b\u044c\u043d\u0438\u043a\u0430 \u0434\u043e \u043d\u0430\u0441.<\/p>\t\t\t\t\t\t\t\t<\/div>\n\t\t\t\t<\/div>\n\t\t\t\t<div class=\"elementor-element elementor-element-88a6263 elementor-widget elementor-widget-text-editor\" data-id=\"88a6263\" data-element_type=\"widget\" data-e-type=\"widget\" data-widget_type=\"text-editor.default\">\n\t\t\t\t<div class=\"elementor-widget-container\">\n\t\t\t\t\t\t\t\t\t<p><strong>\u041d\u0438\u0436\u0447\u0435 \u0412\u0438 \u0437\u043d\u0430\u0439\u0434\u0435\u0442\u0435 \u043f\u043e\u0441\u0438\u043b\u0430\u043d\u043d\u044f \u043d\u0430 \u043d\u0430\u0448\u0456 \u0417\u0430\u0433\u0430\u043b\u044c\u043d\u0456 \u0443\u043c\u043e\u0432\u0438 (AGB), \u0430 \u0442\u0430\u043a\u043e\u0436 \u043d\u0430 \u0434\u0435\u0442\u0430\u043b\u0456 \u0449\u043e\u0434\u043e \u043f\u0440\u0430\u0432\u0430 \u043d\u0430 \u0432\u0456\u0434\u043c\u043e\u0432\u0443:<\/strong><\/p>\t\t\t\t\t\t\t\t<\/div>\n\t\t\t\t<\/div>\n\t\t<div class=\"elementor-element elementor-element-677a322 e-con-full e-flex e-con e-child\" data-id=\"677a322\" data-element_type=\"container\" data-e-type=\"container\">\n\t\t\t\t<div class=\"elementor-element elementor-element-a5fbffc elementor-widget elementor-widget-button\" data-id=\"a5fbffc\" data-element_type=\"widget\" data-e-type=\"widget\" data-widget_type=\"button.default\">\n\t\t\t\t<div class=\"elementor-widget-container\">\n\t\t\t\t\t\t\t\t\t<div class=\"elementor-button-wrapper\">\n\t\t\t\t\t<a class=\"elementor-button elementor-button-link elementor-size-sm\" href=\"https:\/\/energora.de\/ua\/agb\/\" target=\"_blank\">\n\t\t\t\t\t\t<span class=\"elementor-button-content-wrapper\">\n\t\t\t\t\t\t\t\t\t<span class=\"elementor-button-text\">AGB<\/span>\n\t\t\t\t\t<\/span>\n\t\t\t\t\t<\/a>\n\t\t\t\t<\/div>\n\t\t\t\t\t\t\t\t<\/div>\n\t\t\t\t<\/div>\n\t\t\t\t<div class=\"elementor-element elementor-element-a7ff152 elementor-widget elementor-widget-button\" data-id=\"a7ff152\" data-element_type=\"widget\" data-e-type=\"widget\" data-widget_type=\"button.default\">\n\t\t\t\t<div class=\"elementor-widget-container\">\n\t\t\t\t\t\t\t\t\t<div class=\"elementor-button-wrapper\">\n\t\t\t\t\t<a class=\"elementor-button elementor-button-link elementor-size-sm\" href=\"https:\/\/energora.de\/ua\/widerrufsformular\/\" target=\"_blank\">\n\t\t\t\t\t\t<span class=\"elementor-button-content-wrapper\">\n\t\t\t\t\t\t\t\t\t<span class=\"elementor-button-text\">Widerrufsrecht<\/span>\n\t\t\t\t\t<\/span>\n\t\t\t\t\t<\/a>\n\t\t\t\t<\/div>\n\t\t\t\t\t\t\t\t<\/div>\n\t\t\t\t<\/div>\n\t\t\t\t<\/div>\n\t\t\t\t<div class=\"elementor-element elementor-element-2dd4d83 elementor-widget elementor-widget-text-editor\" data-id=\"2dd4d83\" data-element_type=\"widget\" data-e-type=\"widget\" data-widget_type=\"text-editor.default\">\n\t\t\t\t<div class=\"elementor-widget-container\">\n\t\t\t\t\t\t\t\t\t<p class=\"p1\">\u0423 \u0440\u0430\u0437\u0456 \u0432\u0438\u043d\u0438\u043a\u043d\u0435\u043d\u043d\u044f \u0437\u0430\u043f\u0438\u0442\u0430\u043d\u044c \u043c\u0438, \u0437\u0432\u0438\u0447\u0430\u0439\u043d\u043e, \u0456\u0437 \u0437\u0430\u0434\u043e\u0432\u043e\u043b\u0435\u043d\u043d\u044f\u043c \u0412\u0430\u043c \u0434\u043e\u043f\u043e\u043c\u043e\u0436\u0435\u043c\u043e.<\/p><p><strong>\u0417 \u043f\u043e\u0432\u0430\u0433\u043e\u044e. Energora GmbH<\/strong><\/p>\t\t\t\t\t\t\t\t<\/div>\n\t\t\t\t<\/div>\n\t\t\t\t\t<\/div>\n\t\t\t\t<\/div>\n\t\t\t\t<\/div>","protected":false},"excerpt":{"rendered":"<p>Herzlichen Dank f\u00fcr die Best\u00e4tigung Ihrer E-Mail-Adresse! Ihre Bestellung wurde erhalten, und alle Details wurden an Ihre E-Mail-Adresse gesendet. Wir informieren Sie \u00fcber den Fortschritt der Anmeldung und das Datum des Wechsels von Ihrem bisherigen Anbieter zu uns. Damit Sie alle notwendigen Informationen f\u00fcr Ihre Entscheidung haben, finden Sie unten die Links zu unseren Allgemeinen [&hellip;]<\/p>\n","protected":false},"author":9,"featured_media":0,"parent":0,"menu_order":0,"comment_status":"closed","ping_status":"closed","template":"","meta":{"inline_featured_image":false,"footnotes":""},"class_list":["post-9929","page","type-page","status-publish","hentry"],"yoast_head":"<!-- This site is optimized with the Yoast SEO Premium plugin v26.8 (Yoast SEO v27.5) - https:\/\/yoast.com\/product\/yoast-seo-premium-wordpress\/ -->\n<title>Erfolgreiche Best\u00e4tigung der E-Mail: Bestellung - energora<\/title>\n<meta name=\"robots\" content=\"index, follow, max-snippet:-1, max-image-preview:large, max-video-preview:-1\" \/>\n<link rel=\"canonical\" href=\"https:\/\/energora.de\/ua\/danke\/\" \/>\n<meta property=\"og:locale\" content=\"uk_UA\" \/>\n<meta property=\"og:type\" content=\"article\" \/>\n<meta property=\"og:title\" content=\"Erfolgreiche Best\u00e4tigung der E-Mail: Bestellung\" \/>\n<meta property=\"og:description\" content=\"Herzlichen Dank f\u00fcr die Best\u00e4tigung Ihrer E-Mail-Adresse! Ihre Bestellung wurde erhalten, und alle Details wurden an Ihre E-Mail-Adresse gesendet. Wir informieren Sie \u00fcber den Fortschritt der Anmeldung und das Datum des Wechsels von Ihrem bisherigen Anbieter zu uns. Damit Sie alle notwendigen Informationen f\u00fcr Ihre Entscheidung haben, finden Sie unten die Links zu unseren Allgemeinen [&hellip;]\" \/>\n<meta property=\"og:url\" content=\"https:\/\/energora.de\/ua\/danke\/\" \/>\n<meta property=\"og:site_name\" content=\"energora\" \/>\n<meta property=\"article:modified_time\" content=\"2025-01-02T15:32:24+00:00\" \/>\n<meta name=\"twitter:card\" content=\"summary_large_image\" \/>\n<meta name=\"twitter:label1\" content=\"\u041f\u0440\u0438\u0431\u043b. \u0447\u0430\u0441 \u0447\u0438\u0442\u0430\u043d\u043d\u044f\" \/>\n\t<meta name=\"twitter:data1\" content=\"1 \u0445\u0432\u0438\u043b\u0438\u043d\u0430\" \/>\n<script type=\"application\/ld+json\" class=\"yoast-schema-graph\">{\"@context\":\"https:\\\/\\\/schema.org\",\"@graph\":[{\"@type\":\"WebPage\",\"@id\":\"https:\\\/\\\/energora.de\\\/danke\\\/\",\"url\":\"https:\\\/\\\/energora.de\\\/danke\\\/\",\"name\":\"Erfolgreiche Best\u00e4tigung der E-Mail: Bestellung - energora\",\"isPartOf\":{\"@id\":\"https:\\\/\\\/energora.de\\\/#website\"},\"datePublished\":\"2024-11-28T07:42:06+00:00\",\"dateModified\":\"2025-01-02T15:32:24+00:00\",\"breadcrumb\":{\"@id\":\"https:\\\/\\\/energora.de\\\/danke\\\/#breadcrumb\"},\"inLanguage\":\"uk\",\"potentialAction\":[{\"@type\":\"ReadAction\",\"target\":[\"https:\\\/\\\/energora.de\\\/danke\\\/\"]}]},{\"@type\":\"BreadcrumbList\",\"@id\":\"https:\\\/\\\/energora.de\\\/danke\\\/#breadcrumb\",\"itemListElement\":[{\"@type\":\"ListItem\",\"position\":1,\"name\":\"Startseite\",\"item\":\"https:\\\/\\\/energora.de\\\/\"},{\"@type\":\"ListItem\",\"position\":2,\"name\":\"Erfolgreiche Best\u00e4tigung der E-Mail: Bestellung\"}]},{\"@type\":\"WebSite\",\"@id\":\"https:\\\/\\\/energora.de\\\/#website\",\"url\":\"https:\\\/\\\/energora.de\\\/\",\"name\":\"Energora\",\"description\":\"\",\"publisher\":{\"@id\":\"https:\\\/\\\/energora.de\\\/#organization\"},\"potentialAction\":[{\"@type\":\"SearchAction\",\"target\":{\"@type\":\"EntryPoint\",\"urlTemplate\":\"https:\\\/\\\/energora.de\\\/?s={search_term_string}\"},\"query-input\":{\"@type\":\"PropertyValueSpecification\",\"valueRequired\":true,\"valueName\":\"search_term_string\"}}],\"inLanguage\":\"uk\"},{\"@type\":\"Organization\",\"@id\":\"https:\\\/\\\/energora.de\\\/#organization\",\"name\":\"Energora\",\"url\":\"https:\\\/\\\/energora.de\\\/\",\"logo\":{\"@type\":\"ImageObject\",\"inLanguage\":\"uk\",\"@id\":\"https:\\\/\\\/energora.de\\\/#\\\/schema\\\/logo\\\/image\\\/\",\"url\":\"https:\\\/\\\/energora.de\\\/wp-content\\\/uploads\\\/2024\\\/06\\\/logo-1.svg\",\"contentUrl\":\"https:\\\/\\\/energora.de\\\/wp-content\\\/uploads\\\/2024\\\/06\\\/logo-1.svg\",\"width\":298,\"height\":47,\"caption\":\"Energora\"},\"image\":{\"@id\":\"https:\\\/\\\/energora.de\\\/#\\\/schema\\\/logo\\\/image\\\/\"}}]}<\/script>\n<!-- \/ Yoast SEO Premium plugin. -->","yoast_head_json":{"title":"Erfolgreiche Best\u00e4tigung der E-Mail: Bestellung - energora","robots":{"index":"index","follow":"follow","max-snippet":"max-snippet:-1","max-image-preview":"max-image-preview:large","max-video-preview":"max-video-preview:-1"},"canonical":"https:\/\/energora.de\/ua\/danke\/","og_locale":"uk_UA","og_type":"article","og_title":"Erfolgreiche Best\u00e4tigung der E-Mail: Bestellung","og_description":"Herzlichen Dank f\u00fcr die Best\u00e4tigung Ihrer E-Mail-Adresse! Ihre Bestellung wurde erhalten, und alle Details wurden an Ihre E-Mail-Adresse gesendet. Wir informieren Sie \u00fcber den Fortschritt der Anmeldung und das Datum des Wechsels von Ihrem bisherigen Anbieter zu uns. Damit Sie alle notwendigen Informationen f\u00fcr Ihre Entscheidung haben, finden Sie unten die Links zu unseren Allgemeinen [&hellip;]","og_url":"https:\/\/energora.de\/ua\/danke\/","og_site_name":"energora","article_modified_time":"2025-01-02T15:32:24+00:00","twitter_card":"summary_large_image","twitter_misc":{"\u041f\u0440\u0438\u0431\u043b. \u0447\u0430\u0441 \u0447\u0438\u0442\u0430\u043d\u043d\u044f":"1 \u0445\u0432\u0438\u043b\u0438\u043d\u0430"},"schema":{"@context":"https:\/\/schema.org","@graph":[{"@type":"WebPage","@id":"https:\/\/energora.de\/danke\/","url":"https:\/\/energora.de\/danke\/","name":"Erfolgreiche Best\u00e4tigung der E-Mail: Bestellung - energora","isPartOf":{"@id":"https:\/\/energora.de\/#website"},"datePublished":"2024-11-28T07:42:06+00:00","dateModified":"2025-01-02T15:32:24+00:00","breadcrumb":{"@id":"https:\/\/energora.de\/danke\/#breadcrumb"},"inLanguage":"uk","potentialAction":[{"@type":"ReadAction","target":["https:\/\/energora.de\/danke\/"]}]},{"@type":"BreadcrumbList","@id":"https:\/\/energora.de\/danke\/#breadcrumb","itemListElement":[{"@type":"ListItem","position":1,"name":"Startseite","item":"https:\/\/energora.de\/"},{"@type":"ListItem","position":2,"name":"Erfolgreiche Best\u00e4tigung der E-Mail: Bestellung"}]},{"@type":"WebSite","@id":"https:\/\/energora.de\/#website","url":"https:\/\/energora.de\/","name":"Energora","description":"","publisher":{"@id":"https:\/\/energora.de\/#organization"},"potentialAction":[{"@type":"SearchAction","target":{"@type":"EntryPoint","urlTemplate":"https:\/\/energora.de\/?s={search_term_string}"},"query-input":{"@type":"PropertyValueSpecification","valueRequired":true,"valueName":"search_term_string"}}],"inLanguage":"uk"},{"@type":"Organization","@id":"https:\/\/energora.de\/#organization","name":"Energora","url":"https:\/\/energora.de\/","logo":{"@type":"ImageObject","inLanguage":"uk","@id":"https:\/\/energora.de\/#\/schema\/logo\/image\/","url":"https:\/\/energora.de\/wp-content\/uploads\/2024\/06\/logo-1.svg","contentUrl":"https:\/\/energora.de\/wp-content\/uploads\/2024\/06\/logo-1.svg","width":298,"height":47,"caption":"Energora"},"image":{"@id":"https:\/\/energora.de\/#\/schema\/logo\/image\/"}}]}},"_links":{"self":[{"href":"https:\/\/energora.de\/ua\/wp-json\/wp\/v2\/pages\/9929","targetHints":{"allow":["GET"]}}],"collection":[{"href":"https:\/\/energora.de\/ua\/wp-json\/wp\/v2\/pages"}],"about":[{"href":"https:\/\/energora.de\/ua\/wp-json\/wp\/v2\/types\/page"}],"author":[{"embeddable":true,"href":"https:\/\/energora.de\/ua\/wp-json\/wp\/v2\/users\/9"}],"replies":[{"embeddable":true,"href":"https:\/\/energora.de\/ua\/wp-json\/wp\/v2\/comments?post=9929"}],"version-history":[{"count":34,"href":"https:\/\/energora.de\/ua\/wp-json\/wp\/v2\/pages\/9929\/revisions"}],"predecessor-version":[{"id":11387,"href":"https:\/\/energora.de\/ua\/wp-json\/wp\/v2\/pages\/9929\/revisions\/11387"}],"wp:attachment":[{"href":"https:\/\/energora.de\/ua\/wp-json\/wp\/v2\/media?parent=9929"}],"curies":[{"name":"wp","href":"https:\/\/api.w.org\/{rel}","templated":true}]}}