{"id":163,"date":"2024-08-08T07:13:46","date_gmt":"2024-08-08T07:13:46","guid":{"rendered":"https:\/\/energora.de\/wp\/?page_id=163"},"modified":"2024-09-20T06:26:17","modified_gmt":"2024-09-20T06:26:17","slug":"tarif","status":"publish","type":"page","link":"https:\/\/energora.de\/ua\/tarif\/","title":{"rendered":"Tarif"},"content":{"rendered":"<div data-elementor-type=\"wp-page\" data-elementor-id=\"163\" class=\"elementor elementor-163\" data-elementor-post-type=\"page\">\n\t\t\t\t\t\t<section class=\"elementor-section elementor-top-section elementor-element elementor-element-b0dae1f elementor-section-boxed elementor-section-height-default elementor-section-height-default\" data-id=\"b0dae1f\" data-element_type=\"section\" data-e-type=\"section\" data-settings=\"{&quot;background_background&quot;:&quot;classic&quot;}\">\n\t\t\t\t\t\t<div class=\"elementor-container elementor-column-gap-default\">\n\t\t\t\t\t<div class=\"elementor-column elementor-col-100 elementor-top-column elementor-element elementor-element-ba42fc1\" data-id=\"ba42fc1\" data-element_type=\"column\" data-e-type=\"column\">\n\t\t\t<div class=\"elementor-widget-wrap elementor-element-populated\">\n\t\t\t\t\t\t<section class=\"elementor-section elementor-inner-section elementor-element elementor-element-b15d463 elementor-section-boxed elementor-section-height-default elementor-section-height-default\" data-id=\"b15d463\" data-element_type=\"section\" data-e-type=\"section\">\n\t\t\t\t\t\t<div class=\"elementor-container elementor-column-gap-default\">\n\t\t\t\t\t<div class=\"elementor-column elementor-col-100 elementor-inner-column elementor-element elementor-element-b613641\" data-id=\"b613641\" data-element_type=\"column\" data-e-type=\"column\">\n\t\t\t<div class=\"elementor-widget-wrap\">\n\t\t\t\t\t\t\t<\/div>\n\t\t<\/div>\n\t\t\t\t\t<\/div>\n\t\t<\/section>\n\t\t\t\t\t<\/div>\n\t\t<\/div>\n\t\t\t\t\t<\/div>\n\t\t<\/section>\n\t\t\t\t<\/div>","protected":false},"excerpt":{"rendered":"<p>Berechnen Sie Ihren pers\u00f6nlichen Tarif Servicetyp Strom Gas PLZ kWH HiddenGrundgeb\u00fchrHiddenArbeitspreisHiddenKosten im Monat Gro\u00dfartig! Sie befinden sich in unserem Servicebereich Leider befinden Sie sich nicht in unserem Servicebereich HiddenPLZ validator Haushaltsgr\u00f6\u00dfe: 1 Pers. 2 Pers. 3 Pers. 4 Pers. 5 Pers. Haushaltsgr\u00f6\u00dfe: 40 qm 75 qm 100 qm 150 qm 200 qm CAPTCHA &#916;<\/p>","protected":false},"author":2,"featured_media":0,"parent":0,"menu_order":0,"comment_status":"closed","ping_status":"closed","template":"elementor_header_footer","meta":{"inline_featured_image":false,"footnotes":""},"class_list":["post-163","page","type-page","status-publish","hentry"],"yoast_head":"<!-- This site is optimized with the Yoast SEO Premium plugin v26.8 (Yoast SEO v27.5) - https:\/\/yoast.com\/product\/yoast-seo-premium-wordpress\/ -->\n<title>Tarif - energora<\/title>\n<meta name=\"robots\" content=\"index, follow, max-snippet:-1, max-image-preview:large, max-video-preview:-1\" \/>\n<link rel=\"canonical\" href=\"https:\/\/energora.de\/ua\/tarif\/\" \/>\n<meta property=\"og:locale\" content=\"uk_UA\" \/>\n<meta property=\"og:type\" content=\"article\" \/>\n<meta property=\"og:title\" content=\"Tarif\" \/>\n<meta property=\"og:description\" content=\"Berechnen Sie Ihren pers\u00f6nlichen Tarif Servicetyp Strom Gas PLZ kWH HiddenGrundgeb\u00fchrHiddenArbeitspreisHiddenKosten im Monat Gro\u00dfartig! Sie befinden sich in unserem Servicebereich Leider befinden Sie sich nicht in unserem Servicebereich HiddenPLZ validator Haushaltsgr\u00f6\u00dfe: 1 Pers. 2 Pers. 3 Pers. 4 Pers. 5 Pers. Haushaltsgr\u00f6\u00dfe: 40 qm 75 qm 100 qm 150 qm 200 qm CAPTCHA &#916;\" \/>\n<meta property=\"og:url\" content=\"https:\/\/energora.de\/ua\/tarif\/\" \/>\n<meta property=\"og:site_name\" content=\"energora\" \/>\n<meta property=\"article:modified_time\" content=\"2024-09-20T06:26:17+00:00\" \/>\n<meta property=\"og:image\" content=\"https:\/\/energora.de\/wp\/wp-content\/uploads\/2024\/08\/power-plug.png\" \/>\n<meta name=\"twitter:card\" content=\"summary_large_image\" \/>\n<script type=\"application\/ld+json\" class=\"yoast-schema-graph\">{\"@context\":\"https:\\\/\\\/schema.org\",\"@graph\":[{\"@type\":\"WebPage\",\"@id\":\"https:\\\/\\\/energora.de\\\/tarif\\\/\",\"url\":\"https:\\\/\\\/energora.de\\\/tarif\\\/\",\"name\":\"Tarif - energora\",\"isPartOf\":{\"@id\":\"https:\\\/\\\/energora.de\\\/#website\"},\"primaryImageOfPage\":{\"@id\":\"https:\\\/\\\/energora.de\\\/tarif\\\/#primaryimage\"},\"image\":{\"@id\":\"https:\\\/\\\/energora.de\\\/tarif\\\/#primaryimage\"},\"thumbnailUrl\":\"https:\\\/\\\/energora.de\\\/wp\\\/wp-content\\\/uploads\\\/2024\\\/08\\\/power-plug.png\",\"datePublished\":\"2024-08-08T07:13:46+00:00\",\"dateModified\":\"2024-09-20T06:26:17+00:00\",\"breadcrumb\":{\"@id\":\"https:\\\/\\\/energora.de\\\/tarif\\\/#breadcrumb\"},\"inLanguage\":\"uk\",\"potentialAction\":[{\"@type\":\"ReadAction\",\"target\":[\"https:\\\/\\\/energora.de\\\/tarif\\\/\"]}]},{\"@type\":\"ImageObject\",\"inLanguage\":\"uk\",\"@id\":\"https:\\\/\\\/energora.de\\\/tarif\\\/#primaryimage\",\"url\":\"https:\\\/\\\/energora.de\\\/wp\\\/wp-content\\\/uploads\\\/2024\\\/08\\\/power-plug.png\",\"contentUrl\":\"https:\\\/\\\/energora.de\\\/wp\\\/wp-content\\\/uploads\\\/2024\\\/08\\\/power-plug.png\"},{\"@type\":\"BreadcrumbList\",\"@id\":\"https:\\\/\\\/energora.de\\\/tarif\\\/#breadcrumb\",\"itemListElement\":[{\"@type\":\"ListItem\",\"position\":1,\"name\":\"Startseite\",\"item\":\"https:\\\/\\\/energora.de\\\/\"},{\"@type\":\"ListItem\",\"position\":2,\"name\":\"Tarif\"}]},{\"@type\":\"WebSite\",\"@id\":\"https:\\\/\\\/energora.de\\\/#website\",\"url\":\"https:\\\/\\\/energora.de\\\/\",\"name\":\"Energora\",\"description\":\"\",\"publisher\":{\"@id\":\"https:\\\/\\\/energora.de\\\/#organization\"},\"potentialAction\":[{\"@type\":\"SearchAction\",\"target\":{\"@type\":\"EntryPoint\",\"urlTemplate\":\"https:\\\/\\\/energora.de\\\/?s={search_term_string}\"},\"query-input\":{\"@type\":\"PropertyValueSpecification\",\"valueRequired\":true,\"valueName\":\"search_term_string\"}}],\"inLanguage\":\"uk\"},{\"@type\":\"Organization\",\"@id\":\"https:\\\/\\\/energora.de\\\/#organization\",\"name\":\"Energora\",\"url\":\"https:\\\/\\\/energora.de\\\/\",\"logo\":{\"@type\":\"ImageObject\",\"inLanguage\":\"uk\",\"@id\":\"https:\\\/\\\/energora.de\\\/#\\\/schema\\\/logo\\\/image\\\/\",\"url\":\"https:\\\/\\\/energora.de\\\/wp-content\\\/uploads\\\/2024\\\/06\\\/logo-1.svg\",\"contentUrl\":\"https:\\\/\\\/energora.de\\\/wp-content\\\/uploads\\\/2024\\\/06\\\/logo-1.svg\",\"width\":298,\"height\":47,\"caption\":\"Energora\"},\"image\":{\"@id\":\"https:\\\/\\\/energora.de\\\/#\\\/schema\\\/logo\\\/image\\\/\"}}]}<\/script>\n<!-- \/ Yoast SEO Premium plugin. -->","yoast_head_json":{"title":"Tarif - energora","robots":{"index":"index","follow":"follow","max-snippet":"max-snippet:-1","max-image-preview":"max-image-preview:large","max-video-preview":"max-video-preview:-1"},"canonical":"https:\/\/energora.de\/ua\/tarif\/","og_locale":"uk_UA","og_type":"article","og_title":"Tarif","og_description":"Berechnen Sie Ihren pers\u00f6nlichen Tarif Servicetyp Strom Gas PLZ kWH HiddenGrundgeb\u00fchrHiddenArbeitspreisHiddenKosten im Monat Gro\u00dfartig! Sie befinden sich in unserem Servicebereich Leider befinden Sie sich nicht in unserem Servicebereich HiddenPLZ validator Haushaltsgr\u00f6\u00dfe: 1 Pers. 2 Pers. 3 Pers. 4 Pers. 5 Pers. Haushaltsgr\u00f6\u00dfe: 40 qm 75 qm 100 qm 150 qm 200 qm CAPTCHA &#916;","og_url":"https:\/\/energora.de\/ua\/tarif\/","og_site_name":"energora","article_modified_time":"2024-09-20T06:26:17+00:00","og_image":[{"url":"https:\/\/energora.de\/wp\/wp-content\/uploads\/2024\/08\/power-plug.png","type":"","width":"","height":""}],"twitter_card":"summary_large_image","schema":{"@context":"https:\/\/schema.org","@graph":[{"@type":"WebPage","@id":"https:\/\/energora.de\/tarif\/","url":"https:\/\/energora.de\/tarif\/","name":"Tarif - energora","isPartOf":{"@id":"https:\/\/energora.de\/#website"},"primaryImageOfPage":{"@id":"https:\/\/energora.de\/tarif\/#primaryimage"},"image":{"@id":"https:\/\/energora.de\/tarif\/#primaryimage"},"thumbnailUrl":"https:\/\/energora.de\/wp\/wp-content\/uploads\/2024\/08\/power-plug.png","datePublished":"2024-08-08T07:13:46+00:00","dateModified":"2024-09-20T06:26:17+00:00","breadcrumb":{"@id":"https:\/\/energora.de\/tarif\/#breadcrumb"},"inLanguage":"uk","potentialAction":[{"@type":"ReadAction","target":["https:\/\/energora.de\/tarif\/"]}]},{"@type":"ImageObject","inLanguage":"uk","@id":"https:\/\/energora.de\/tarif\/#primaryimage","url":"https:\/\/energora.de\/wp\/wp-content\/uploads\/2024\/08\/power-plug.png","contentUrl":"https:\/\/energora.de\/wp\/wp-content\/uploads\/2024\/08\/power-plug.png"},{"@type":"BreadcrumbList","@id":"https:\/\/energora.de\/tarif\/#breadcrumb","itemListElement":[{"@type":"ListItem","position":1,"name":"Startseite","item":"https:\/\/energora.de\/"},{"@type":"ListItem","position":2,"name":"Tarif"}]},{"@type":"WebSite","@id":"https:\/\/energora.de\/#website","url":"https:\/\/energora.de\/","name":"Energora","description":"","publisher":{"@id":"https:\/\/energora.de\/#organization"},"potentialAction":[{"@type":"SearchAction","target":{"@type":"EntryPoint","urlTemplate":"https:\/\/energora.de\/?s={search_term_string}"},"query-input":{"@type":"PropertyValueSpecification","valueRequired":true,"valueName":"search_term_string"}}],"inLanguage":"uk"},{"@type":"Organization","@id":"https:\/\/energora.de\/#organization","name":"Energora","url":"https:\/\/energora.de\/","logo":{"@type":"ImageObject","inLanguage":"uk","@id":"https:\/\/energora.de\/#\/schema\/logo\/image\/","url":"https:\/\/energora.de\/wp-content\/uploads\/2024\/06\/logo-1.svg","contentUrl":"https:\/\/energora.de\/wp-content\/uploads\/2024\/06\/logo-1.svg","width":298,"height":47,"caption":"Energora"},"image":{"@id":"https:\/\/energora.de\/#\/schema\/logo\/image\/"}}]}},"_links":{"self":[{"href":"https:\/\/energora.de\/ua\/wp-json\/wp\/v2\/pages\/163","targetHints":{"allow":["GET"]}}],"collection":[{"href":"https:\/\/energora.de\/ua\/wp-json\/wp\/v2\/pages"}],"about":[{"href":"https:\/\/energora.de\/ua\/wp-json\/wp\/v2\/types\/page"}],"author":[{"embeddable":true,"href":"https:\/\/energora.de\/ua\/wp-json\/wp\/v2\/users\/2"}],"replies":[{"embeddable":true,"href":"https:\/\/energora.de\/ua\/wp-json\/wp\/v2\/comments?post=163"}],"version-history":[{"count":116,"href":"https:\/\/energora.de\/ua\/wp-json\/wp\/v2\/pages\/163\/revisions"}],"predecessor-version":[{"id":628,"href":"https:\/\/energora.de\/ua\/wp-json\/wp\/v2\/pages\/163\/revisions\/628"}],"wp:attachment":[{"href":"https:\/\/energora.de\/ua\/wp-json\/wp\/v2\/media?parent=163"}],"curies":[{"name":"wp","href":"https:\/\/api.w.org\/{rel}","templated":true}]}}