{"id":987,"date":"2024-10-01T07:27:05","date_gmt":"2024-10-01T07:27:05","guid":{"rendered":"https:\/\/energora.de\/wp\/?page_id=987"},"modified":"2025-08-11T22:29:52","modified_gmt":"2025-08-11T21:29:52","slug":"impressum","status":"publish","type":"page","link":"https:\/\/energora.de\/ru\/impressum\/","title":{"rendered":"Impressum"},"content":{"rendered":"<div data-elementor-type=\"wp-page\" data-elementor-id=\"987\" class=\"elementor elementor-987\" data-elementor-post-type=\"page\">\n\t\t\t\t<div class=\"elementor-element elementor-element-7ced420 e-flex e-con-boxed e-con e-parent\" data-id=\"7ced420\" data-element_type=\"container\" data-e-type=\"container\">\n\t\t\t\t\t<div class=\"e-con-inner\">\n\t\t\t\t<div class=\"elementor-element elementor-element-cb508bd elementor-widget elementor-widget-heading\" data-id=\"cb508bd\" data-element_type=\"widget\" data-e-type=\"widget\" data-widget_type=\"heading.default\">\n\t\t\t\t<div class=\"elementor-widget-container\">\n\t\t\t\t\t<h2 class=\"elementor-heading-title elementor-size-default\">IMPRESSUM<\/h2>\t\t\t\t<\/div>\n\t\t\t\t<\/div>\n\t\t\t\t<div class=\"elementor-element elementor-element-4931bff elementor-widget elementor-widget-text-editor\" data-id=\"4931bff\" data-element_type=\"widget\" data-e-type=\"widget\" data-widget_type=\"text-editor.default\">\n\t\t\t\t<div class=\"elementor-widget-container\">\n\t\t\t\t\t\t\t\t\t<p>Energora GmbH<br \/>Riesaer Stra\u00dfe 70<br \/>04328 Leipzig<br \/>Deutschland<\/p><p>E-Mail: info@energora.de<\/p><p>Registergericht: Amtsgericht Leipzig<br \/>Registernummer: HRB 31252<\/p><p>Gesch\u00e4ftsf\u00fchrer: Maxim Selig<\/p><p>Verantwortliche\/r i.S.d. \u00a7 18 Abs. 2 MStV:<br \/>Maxim Selig, Riesaer Str. 70, 04328 Leipzig<\/p><p>Zust\u00e4ndige Aufsichtsbeh\u00f6rde f\u00fcr das Angebot audiovisueller Mediendienste:<br \/>S\u00e4chsische Landesmedienanstalt (SLM), &#8211; Anstalt des \u00f6ffentlichen Rechts -, Ferdinand-Lassalle-Stra\u00dfe 21, 04109 Leipzig<\/p><p><strong>Schlichtungsstelle:<\/strong><br \/>Bei Streitigkeiten \u00fcber Liefervertr\u00e4ge nehmen wir an Schlichtungsverfahren der <strong>Schlichtungsstelle Energie e.V.<\/strong> teil:<br \/>Friedrichstra\u00dfe 133, 10117 Berlin<br \/>Telefon: 030 2757240-0<br \/>E-Mail: <a rel=\"noopener\">info@schlichtungsstelle-energie.de<\/a><br \/>Website: <a href=\"https:\/\/www.schlichtungsstelle-energie.de\/\" target=\"_new\" rel=\"noopener\">www.schlichtungsstelle-energie.de<\/a><\/p><p><strong>Zust\u00e4ndige Regulierungsbeh\u00f6rde:<br \/><\/strong><em>Bundesnetzagentur f\u00fcr Elektrizit\u00e4t, Gas, Telekommunikation, Post und Eisenbahnen<\/em><\/p><p>Verbraucherservice der Bundesnetzagentur<br \/>Postfach 8001<br \/>53105 Bonn<\/p><p>Tel.: 030 22480-500<br \/>E-Mail: <a class=\"font-size-small\" href=\"mailto:verbraucherservice-energie@bnetza.de\">verbraucherservice-energie@bnetza.de<\/a><\/p><p><strong>Hinweis:<\/strong><br \/>Bitte wenden Sie sich bei Fragen oder Beschwerden zuerst an unseren Kundenservice. Wir bem\u00fchen uns, Ihre Anliegen schnell zu kl\u00e4ren.<\/p><p><strong>Haftungsausschluss:<\/strong><br \/>Trotz sorgf\u00e4ltiger Pr\u00fcfung \u00fcbernehmen wir keine Haftung f\u00fcr die Inhalte externer Links. F\u00fcr den Inhalt der verlinkten Seiten sind ausschlie\u00dflich deren Betreiber verantwortlich.<\/p>\t\t\t\t\t\t\t\t<\/div>\n\t\t\t\t<\/div>\n\t\t\t\t\t<\/div>\n\t\t\t\t<\/div>\n\t\t\t\t<\/div>","protected":false},"excerpt":{"rendered":"<p>IMPRESSUM Energora GmbHRiesaer Stra\u00dfe 7004328 LeipzigDeutschland E-Mail: info@energora.de Registergericht: Amtsgericht LeipzigRegisternummer: HRB 31252 Gesch\u00e4ftsf\u00fchrer: Maxim Selig Verantwortliche\/r i.S.d. \u00a7 18 Abs. 2 MStV:Maxim Selig, Riesaer Str. 70, 04328 Leipzig Zust\u00e4ndige Aufsichtsbeh\u00f6rde f\u00fcr das Angebot audiovisueller Mediendienste:S\u00e4chsische Landesmedienanstalt (SLM), &#8211; Anstalt des \u00f6ffentlichen Rechts -, Ferdinand-Lassalle-Stra\u00dfe 21, 04109 Leipzig Schlichtungsstelle:Bei Streitigkeiten \u00fcber Liefervertr\u00e4ge nehmen wir an [&hellip;]<\/p>\n","protected":false},"author":2,"featured_media":0,"parent":0,"menu_order":0,"comment_status":"closed","ping_status":"closed","template":"","meta":{"inline_featured_image":false,"footnotes":""},"class_list":["post-987","page","type-page","status-publish","hentry"],"yoast_head":"<!-- This site is optimized with the Yoast SEO Premium plugin v26.8 (Yoast SEO v27.4) - https:\/\/yoast.com\/product\/yoast-seo-premium-wordpress\/ -->\n<title>Impressum - energora<\/title>\n<meta name=\"robots\" content=\"index, follow, max-snippet:-1, max-image-preview:large, max-video-preview:-1\" \/>\n<link rel=\"canonical\" href=\"https:\/\/energora.de\/ru\/impressum\/\" \/>\n<meta property=\"og:locale\" content=\"ru_RU\" \/>\n<meta property=\"og:type\" content=\"article\" \/>\n<meta property=\"og:title\" content=\"Impressum\" \/>\n<meta property=\"og:description\" content=\"IMPRESSUM Energora GmbHRiesaer Stra\u00dfe 7004328 LeipzigDeutschland E-Mail: info@energora.de Registergericht: Amtsgericht LeipzigRegisternummer: HRB 31252 Gesch\u00e4ftsf\u00fchrer: Maxim Selig Verantwortliche\/r i.S.d. \u00a7 18 Abs. 2 MStV:Maxim Selig, Riesaer Str. 70, 04328 Leipzig Zust\u00e4ndige Aufsichtsbeh\u00f6rde f\u00fcr das Angebot audiovisueller Mediendienste:S\u00e4chsische Landesmedienanstalt (SLM), &#8211; Anstalt des \u00f6ffentlichen Rechts -, Ferdinand-Lassalle-Stra\u00dfe 21, 04109 Leipzig Schlichtungsstelle:Bei Streitigkeiten \u00fcber Liefervertr\u00e4ge nehmen wir an [&hellip;]\" \/>\n<meta property=\"og:url\" content=\"https:\/\/energora.de\/ru\/impressum\/\" \/>\n<meta property=\"og:site_name\" content=\"energora\" \/>\n<meta property=\"article:modified_time\" content=\"2025-08-11T21:29:52+00:00\" \/>\n<meta name=\"twitter:card\" content=\"summary_large_image\" \/>\n<meta name=\"twitter:label1\" content=\"\u041f\u0440\u0438\u043c\u0435\u0440\u043d\u043e\u0435 \u0432\u0440\u0435\u043c\u044f \u0434\u043b\u044f \u0447\u0442\u0435\u043d\u0438\u044f\" \/>\n\t<meta name=\"twitter:data1\" content=\"1 \u043c\u0438\u043d\u0443\u0442\u0430\" \/>\n<script type=\"application\/ld+json\" class=\"yoast-schema-graph\">{\"@context\":\"https:\\\/\\\/schema.org\",\"@graph\":[{\"@type\":\"WebPage\",\"@id\":\"https:\\\/\\\/energora.de\\\/impressum\\\/\",\"url\":\"https:\\\/\\\/energora.de\\\/impressum\\\/\",\"name\":\"Impressum - energora\",\"isPartOf\":{\"@id\":\"https:\\\/\\\/energora.de\\\/#website\"},\"datePublished\":\"2024-10-01T07:27:05+00:00\",\"dateModified\":\"2025-08-11T21:29:52+00:00\",\"breadcrumb\":{\"@id\":\"https:\\\/\\\/energora.de\\\/impressum\\\/#breadcrumb\"},\"inLanguage\":\"ru-RU\",\"potentialAction\":[{\"@type\":\"ReadAction\",\"target\":[\"https:\\\/\\\/energora.de\\\/impressum\\\/\"]}]},{\"@type\":\"BreadcrumbList\",\"@id\":\"https:\\\/\\\/energora.de\\\/impressum\\\/#breadcrumb\",\"itemListElement\":[{\"@type\":\"ListItem\",\"position\":1,\"name\":\"Startseite\",\"item\":\"https:\\\/\\\/energora.de\\\/\"},{\"@type\":\"ListItem\",\"position\":2,\"name\":\"Impressum\"}]},{\"@type\":\"WebSite\",\"@id\":\"https:\\\/\\\/energora.de\\\/#website\",\"url\":\"https:\\\/\\\/energora.de\\\/\",\"name\":\"Energora\",\"description\":\"\",\"publisher\":{\"@id\":\"https:\\\/\\\/energora.de\\\/#organization\"},\"potentialAction\":[{\"@type\":\"SearchAction\",\"target\":{\"@type\":\"EntryPoint\",\"urlTemplate\":\"https:\\\/\\\/energora.de\\\/?s={search_term_string}\"},\"query-input\":{\"@type\":\"PropertyValueSpecification\",\"valueRequired\":true,\"valueName\":\"search_term_string\"}}],\"inLanguage\":\"ru-RU\"},{\"@type\":\"Organization\",\"@id\":\"https:\\\/\\\/energora.de\\\/#organization\",\"name\":\"Energora\",\"url\":\"https:\\\/\\\/energora.de\\\/\",\"logo\":{\"@type\":\"ImageObject\",\"inLanguage\":\"ru-RU\",\"@id\":\"https:\\\/\\\/energora.de\\\/#\\\/schema\\\/logo\\\/image\\\/\",\"url\":\"https:\\\/\\\/energora.de\\\/wp-content\\\/uploads\\\/2024\\\/06\\\/logo-1.svg\",\"contentUrl\":\"https:\\\/\\\/energora.de\\\/wp-content\\\/uploads\\\/2024\\\/06\\\/logo-1.svg\",\"width\":298,\"height\":47,\"caption\":\"Energora\"},\"image\":{\"@id\":\"https:\\\/\\\/energora.de\\\/#\\\/schema\\\/logo\\\/image\\\/\"}}]}<\/script>\n<!-- \/ Yoast SEO Premium plugin. -->","yoast_head_json":{"title":"Impressum - energora","robots":{"index":"index","follow":"follow","max-snippet":"max-snippet:-1","max-image-preview":"max-image-preview:large","max-video-preview":"max-video-preview:-1"},"canonical":"https:\/\/energora.de\/ru\/impressum\/","og_locale":"ru_RU","og_type":"article","og_title":"Impressum","og_description":"IMPRESSUM Energora GmbHRiesaer Stra\u00dfe 7004328 LeipzigDeutschland E-Mail: info@energora.de Registergericht: Amtsgericht LeipzigRegisternummer: HRB 31252 Gesch\u00e4ftsf\u00fchrer: Maxim Selig Verantwortliche\/r i.S.d. \u00a7 18 Abs. 2 MStV:Maxim Selig, Riesaer Str. 70, 04328 Leipzig Zust\u00e4ndige Aufsichtsbeh\u00f6rde f\u00fcr das Angebot audiovisueller Mediendienste:S\u00e4chsische Landesmedienanstalt (SLM), &#8211; Anstalt des \u00f6ffentlichen Rechts -, Ferdinand-Lassalle-Stra\u00dfe 21, 04109 Leipzig Schlichtungsstelle:Bei Streitigkeiten \u00fcber Liefervertr\u00e4ge nehmen wir an [&hellip;]","og_url":"https:\/\/energora.de\/ru\/impressum\/","og_site_name":"energora","article_modified_time":"2025-08-11T21:29:52+00:00","twitter_card":"summary_large_image","twitter_misc":{"\u041f\u0440\u0438\u043c\u0435\u0440\u043d\u043e\u0435 \u0432\u0440\u0435\u043c\u044f \u0434\u043b\u044f \u0447\u0442\u0435\u043d\u0438\u044f":"1 \u043c\u0438\u043d\u0443\u0442\u0430"},"schema":{"@context":"https:\/\/schema.org","@graph":[{"@type":"WebPage","@id":"https:\/\/energora.de\/impressum\/","url":"https:\/\/energora.de\/impressum\/","name":"Impressum - energora","isPartOf":{"@id":"https:\/\/energora.de\/#website"},"datePublished":"2024-10-01T07:27:05+00:00","dateModified":"2025-08-11T21:29:52+00:00","breadcrumb":{"@id":"https:\/\/energora.de\/impressum\/#breadcrumb"},"inLanguage":"ru-RU","potentialAction":[{"@type":"ReadAction","target":["https:\/\/energora.de\/impressum\/"]}]},{"@type":"BreadcrumbList","@id":"https:\/\/energora.de\/impressum\/#breadcrumb","itemListElement":[{"@type":"ListItem","position":1,"name":"Startseite","item":"https:\/\/energora.de\/"},{"@type":"ListItem","position":2,"name":"Impressum"}]},{"@type":"WebSite","@id":"https:\/\/energora.de\/#website","url":"https:\/\/energora.de\/","name":"Energora","description":"","publisher":{"@id":"https:\/\/energora.de\/#organization"},"potentialAction":[{"@type":"SearchAction","target":{"@type":"EntryPoint","urlTemplate":"https:\/\/energora.de\/?s={search_term_string}"},"query-input":{"@type":"PropertyValueSpecification","valueRequired":true,"valueName":"search_term_string"}}],"inLanguage":"ru-RU"},{"@type":"Organization","@id":"https:\/\/energora.de\/#organization","name":"Energora","url":"https:\/\/energora.de\/","logo":{"@type":"ImageObject","inLanguage":"ru-RU","@id":"https:\/\/energora.de\/#\/schema\/logo\/image\/","url":"https:\/\/energora.de\/wp-content\/uploads\/2024\/06\/logo-1.svg","contentUrl":"https:\/\/energora.de\/wp-content\/uploads\/2024\/06\/logo-1.svg","width":298,"height":47,"caption":"Energora"},"image":{"@id":"https:\/\/energora.de\/#\/schema\/logo\/image\/"}}]}},"_links":{"self":[{"href":"https:\/\/energora.de\/ru\/wp-json\/wp\/v2\/pages\/987","targetHints":{"allow":["GET"]}}],"collection":[{"href":"https:\/\/energora.de\/ru\/wp-json\/wp\/v2\/pages"}],"about":[{"href":"https:\/\/energora.de\/ru\/wp-json\/wp\/v2\/types\/page"}],"author":[{"embeddable":true,"href":"https:\/\/energora.de\/ru\/wp-json\/wp\/v2\/users\/2"}],"replies":[{"embeddable":true,"href":"https:\/\/energora.de\/ru\/wp-json\/wp\/v2\/comments?post=987"}],"version-history":[{"count":83,"href":"https:\/\/energora.de\/ru\/wp-json\/wp\/v2\/pages\/987\/revisions"}],"predecessor-version":[{"id":11603,"href":"https:\/\/energora.de\/ru\/wp-json\/wp\/v2\/pages\/987\/revisions\/11603"}],"wp:attachment":[{"href":"https:\/\/energora.de\/ru\/wp-json\/wp\/v2\/media?parent=987"}],"curies":[{"name":"wp","href":"https:\/\/api.w.org\/{rel}","templated":true}]}}