{"id":775,"date":"2024-09-17T13:08:32","date_gmt":"2024-09-17T13:08:32","guid":{"rendered":"https:\/\/energora.de\/wp\/?page_id=775"},"modified":"2025-01-21T23:23:16","modified_gmt":"2025-01-21T22:23:16","slug":"so-funktionierts","status":"publish","type":"page","link":"https:\/\/energora.de\/ru\/so-funktionierts\/","title":{"rendered":"\u041f\u0435\u0440\u0435\u0439\u0442\u0438 \u043a \u043d\u0430\u043c"},"content":{"rendered":"<div data-elementor-type=\"wp-page\" data-elementor-id=\"775\" class=\"elementor elementor-775\" data-elementor-post-type=\"page\">\n\t\t\t\t<div class=\"elementor-element elementor-element-a8cdbf9 e-flex e-con-boxed e-con e-parent\" data-id=\"a8cdbf9\" data-element_type=\"container\" data-e-type=\"container\" data-no-translation=\"\">\n\t\t\t\t\t<div class=\"e-con-inner\">\n\t\t\t\t<div class=\"elementor-element elementor-element-c7c66ad elementor-widget elementor-widget-heading\" data-id=\"c7c66ad\" data-element_type=\"widget\" data-e-type=\"widget\" data-widget_type=\"heading.default\">\n\t\t\t\t<div class=\"elementor-widget-container\">\n\t\t\t\t\t<h2 class=\"elementor-heading-title elementor-size-default\">\u042d\u043d\u0435\u0440\u0433\u043e\u0441\u043d\u0430\u0431\u0436\u0435\u043d\u0438\u0435 \u0432 \u0413\u0435\u0440\u043c\u0430\u043d\u0438\u0438 \u0441 \u0437\u0430\u0431\u043e\u0442\u043e\u0439 \u043e \u0412\u0430\u0441!<\/h2>\t\t\t\t<\/div>\n\t\t\t\t<\/div>\n\t\t\t\t<div class=\"elementor-element elementor-element-9370c9f elementor-widget elementor-widget-text-editor\" data-id=\"9370c9f\" data-element_type=\"widget\" data-e-type=\"widget\" data-widget_type=\"text-editor.default\">\n\t\t\t\t<div class=\"elementor-widget-container\">\n\t\t\t\t\t\t\t\t\t<p class=\"p1\">\u0412\u044b \u0438\u0449\u0435\u0442\u0435 \u043d\u0430\u0434\u0435\u0436\u043d\u043e\u0433\u043e \u043f\u043e\u0441\u0442\u0430\u0432\u0449\u0438\u043a\u0430 \u044d\u043b\u0435\u043a\u0442\u0440\u043e\u044d\u043d\u0435\u0440\u0433\u0438\u0438 \u0432 \u0413\u0435\u0440\u043c\u0430\u043d\u0438\u0438, \u043a\u043e\u0442\u043e\u0440\u044b\u0439 \u043f\u043e\u043d\u0438\u043c\u0430\u0435\u0442 \u0412\u0430\u0448\u0438 \u043f\u043e\u0442\u0440\u0435\u0431\u043d\u043e\u0441\u0442\u0438 \u0438 \u0433\u043e\u0432\u043e\u0440\u0438\u0442 \u043d\u0430 \u0412\u0430\u0448\u0435\u043c \u044f\u0437\u044b\u043a\u0435? \u0422\u043e\u0433\u0434\u0430 \u043d\u0430\u0448\u0430 \u043a\u043e\u043c\u043f\u0430\u043d\u0438\u044f \u2014 \u0438\u043c\u0435\u043d\u043d\u043e \u0442\u043e, \u0447\u0442\u043e \u0432\u0430\u043c \u043d\u0443\u0436\u043d\u043e!<\/p>\t\t\t\t\t\t\t\t<\/div>\n\t\t\t\t<\/div>\n\t\t\t\t<div class=\"elementor-element elementor-element-4bb7703 elementor-widget elementor-widget-heading\" data-id=\"4bb7703\" data-element_type=\"widget\" data-e-type=\"widget\" data-widget_type=\"heading.default\">\n\t\t\t\t<div class=\"elementor-widget-container\">\n\t\t\t\t\t<h3 class=\"elementor-heading-title elementor-size-default\">\u041f\u043e\u0447\u0435\u043c\u0443 \u0432\u044b\u0431\u0438\u0440\u0430\u044e\u0442 \u043d\u0430\u0441:<\/h3>\t\t\t\t<\/div>\n\t\t\t\t<\/div>\n\t\t\t\t<div class=\"elementor-element elementor-element-91ba4cf elementor-widget elementor-widget-text-editor\" data-id=\"91ba4cf\" data-element_type=\"widget\" data-e-type=\"widget\" data-widget_type=\"text-editor.default\">\n\t\t\t\t<div class=\"elementor-widget-container\">\n\t\t\t\t\t\t\t\t\t<p class=\"p1\">\u041d\u0430\u0448\u0430 \u043a\u043e\u043c\u0430\u043d\u0434\u0430 \u0440\u0443\u0441\u0441\u043a\u043e\u0433\u043e\u0432\u043e\u0440\u044f\u0449\u0438\u0445 \u0441\u043f\u0435\u0446\u0438\u0430\u043b\u0438\u0441\u0442\u043e\u0432 \u0432\u0441\u0435\u0433\u0434\u0430 \u0433\u043e\u0442\u043e\u0432\u0430 \u043f\u043e\u043c\u043e\u0447\u044c \u0412\u0430\u043c \u043f\u043e \u0432\u0441\u0435\u043c \u0432\u043e\u043f\u0440\u043e\u0441\u0430\u043c, \u0441\u0432\u044f\u0437\u0430\u043d\u043d\u044b\u043c \u0441 \u044d\u043d\u0435\u0440\u0433\u043e\u0441\u043d\u0430\u0431\u0436\u0435\u043d\u0438\u0435\u043c.<\/p>\t\t\t\t\t\t\t\t<\/div>\n\t\t\t\t<\/div>\n\t\t\t\t<div class=\"elementor-element elementor-element-cd1e442 elementor-align-start elementor-icon-list--layout-traditional elementor-list-item-link-full_width elementor-widget elementor-widget-icon-list\" data-id=\"cd1e442\" data-element_type=\"widget\" data-e-type=\"widget\" data-widget_type=\"icon-list.default\">\n\t\t\t\t<div class=\"elementor-widget-container\">\n\t\t\t\t\t\t\t<ul class=\"elementor-icon-list-items\">\n\t\t\t\t\t\t\t<li class=\"elementor-icon-list-item\">\n\t\t\t\t\t\t\t\t\t\t\t<span class=\"elementor-icon-list-icon\">\n\t\t\t\t\t\t\t<svg aria-hidden=\"true\" class=\"e-font-icon-svg e-far-check-circle\" viewbox=\"0 0 512 512\" xmlns=\"http:\/\/www.w3.org\/2000\/svg\"><path d=\"M256 8C119.033 8 8 119.033 8 256s111.033 248 248 248 248-111.033 248-248S392.967 8 256 8zm0 48c110.532 0 200 89.451 200 200 0 110.532-89.451 200-200 200-110.532 0-200-89.451-200-200 0-110.532 89.451-200 200-200m140.204 130.267l-22.536-22.718c-4.667-4.705-12.265-4.736-16.97-.068L215.346 303.697l-59.792-60.277c-4.667-4.705-12.265-4.736-16.97-.069l-22.719 22.536c-4.705 4.667-4.736 12.265-.068 16.971l90.781 91.516c4.667 4.705 12.265 4.736 16.97.068l172.589-171.204c4.704-4.668 4.734-12.266.067-16.971z\"><\/path><\/svg>\t\t\t\t\t\t<\/span>\n\t\t\t\t\t\t\t\t\t\t<span class=\"elementor-icon-list-text\"><b>\u041f\u0440\u043e\u0437\u0440\u0430\u0447\u043d\u044b\u0435 \u0442\u0430\u0440\u0438\u0444\u044b:<\/b> \u041c\u044b \u043f\u0440\u0435\u0434\u043b\u0430\u0433\u0430\u0435\u043c \u043a\u043e\u043d\u043a\u0443\u0440\u0435\u043d\u0442\u043e\u0441\u043f\u043e\u0441\u043e\u0431\u043d\u044b\u0435 \u0446\u0435\u043d\u044b \u0431\u0435\u0437 \u0441\u043a\u0440\u044b\u0442\u044b\u0445 \u043f\u043b\u0430\u0442\u0435\u0436\u0435\u0439, \u0447\u0442\u043e\u0431\u044b \u0412\u044b \u0442\u043e\u0447\u043d\u043e \u0437\u043d\u0430\u043b\u0438, \u0437\u0430 \u0447\u0442\u043e \u043f\u043b\u0430\u0442\u0438\u0442\u0435.<\/span>\n\t\t\t\t\t\t\t\t\t<\/li>\n\t\t\t\t\t\t\t\t<li class=\"elementor-icon-list-item\">\n\t\t\t\t\t\t\t\t\t\t\t<span class=\"elementor-icon-list-icon\">\n\t\t\t\t\t\t\t<svg aria-hidden=\"true\" class=\"e-font-icon-svg e-far-check-circle\" viewbox=\"0 0 512 512\" xmlns=\"http:\/\/www.w3.org\/2000\/svg\"><path d=\"M256 8C119.033 8 8 119.033 8 256s111.033 248 248 248 248-111.033 248-248S392.967 8 256 8zm0 48c110.532 0 200 89.451 200 200 0 110.532-89.451 200-200 200-110.532 0-200-89.451-200-200 0-110.532 89.451-200 200-200m140.204 130.267l-22.536-22.718c-4.667-4.705-12.265-4.736-16.97-.068L215.346 303.697l-59.792-60.277c-4.667-4.705-12.265-4.736-16.97-.069l-22.719 22.536c-4.705 4.667-4.736 12.265-.068 16.971l90.781 91.516c4.667 4.705 12.265 4.736 16.97.068l172.589-171.204c4.704-4.668 4.734-12.266.067-16.971z\"><\/path><\/svg>\t\t\t\t\t\t<\/span>\n\t\t\t\t\t\t\t\t\t\t<span class=\"elementor-icon-list-text\"><b>\u041f\u0440\u043e\u0441\u0442\u043e\u0435 \u043f\u043e\u0434\u043a\u043b\u044e\u0447\u0435\u043d\u0438\u0435:<\/b> \u041f\u0435\u0440\u0435\u0445\u043e\u0434 \u043a \u043d\u0430\u043c \u043c\u0430\u043a\u0441\u0438\u043c\u0430\u043b\u044c\u043d\u043e \u043f\u0440\u043e\u0441\u0442 \u0438 \u043d\u0435 \u0442\u0440\u0435\u0431\u0443\u0435\u0442 \u043b\u0438\u0448\u043d\u0438\u0445 \u0445\u043b\u043e\u043f\u043e\u0442. \u041c\u044b \u0431\u0435\u0440\u0451\u043c \u043d\u0430 \u0441\u0435\u0431\u044f \u0432\u0441\u0435 \u0444\u043e\u0440\u043c\u0430\u043b\u044c\u043d\u043e\u0441\u0442\u0438.<\/span>\n\t\t\t\t\t\t\t\t\t<\/li>\n\t\t\t\t\t\t\t\t<li class=\"elementor-icon-list-item\">\n\t\t\t\t\t\t\t\t\t\t\t<span class=\"elementor-icon-list-icon\">\n\t\t\t\t\t\t\t<svg aria-hidden=\"true\" class=\"e-font-icon-svg e-far-check-circle\" viewbox=\"0 0 512 512\" xmlns=\"http:\/\/www.w3.org\/2000\/svg\"><path d=\"M256 8C119.033 8 8 119.033 8 256s111.033 248 248 248 248-111.033 248-248S392.967 8 256 8zm0 48c110.532 0 200 89.451 200 200 0 110.532-89.451 200-200 200-110.532 0-200-89.451-200-200 0-110.532 89.451-200 200-200m140.204 130.267l-22.536-22.718c-4.667-4.705-12.265-4.736-16.97-.068L215.346 303.697l-59.792-60.277c-4.667-4.705-12.265-4.736-16.97-.069l-22.719 22.536c-4.705 4.667-4.736 12.265-.068 16.971l90.781 91.516c4.667 4.705 12.265 4.736 16.97.068l172.589-171.204c4.704-4.668 4.734-12.266.067-16.971z\"><\/path><\/svg>\t\t\t\t\t\t<\/span>\n\t\t\t\t\t\t\t\t\t\t<span class=\"elementor-icon-list-text\"><b>\u042d\u043a\u043e\u043b\u043e\u0433\u0438\u0447\u043d\u0430\u044f \u044d\u043d\u0435\u0440\u0433\u0438\u044f:<\/b> \u0417\u0430\u0431\u043e\u0442\u0438\u043c\u0441\u044f \u043e\u0431 \u043e\u043a\u0440\u0443\u0436\u0430\u044e\u0449\u0435\u0439 \u0441\u0440\u0435\u0434\u0435, \u043f\u0440\u0435\u0434\u043b\u0430\u0433\u0430\u044f \"\u0437\u0435\u043b\u0451\u043d\u0443\u044e\" \u044d\u043b\u0435\u043a\u0442\u0440\u043e\u044d\u043d\u0435\u0440\u0433\u0438\u044e \u0438\u0437 \u0432\u043e\u0437\u043e\u0431\u043d\u043e\u0432\u043b\u044f\u0435\u043c\u044b\u0445 \u0438\u0441\u0442\u043e\u0447\u043d\u0438\u043a\u043e\u0432.<\/span>\n\t\t\t\t\t\t\t\t\t<\/li>\n\t\t\t\t\t\t<\/ul>\n\t\t\t\t\t\t<\/div>\n\t\t\t\t<\/div>\n\t\t\t\t<div class=\"elementor-element elementor-element-4deb0b9 elementor-widget elementor-widget-heading\" data-id=\"4deb0b9\" data-element_type=\"widget\" data-e-type=\"widget\" data-widget_type=\"heading.default\">\n\t\t\t\t<div class=\"elementor-widget-container\">\n\t\t\t\t\t<h3 class=\"elementor-heading-title elementor-size-default\">\u0421\u0434\u0435\u043b\u0430\u0439\u0442\u0435 \u0432\u044b\u0431\u043e\u0440 \u0432 \u043f\u043e\u043b\u044c\u0437\u0443 \u043a\u0430\u0447\u0435\u0441\u0442\u0432\u0430 \u0438 \u043a\u043e\u043c\u0444\u043e\u0440\u0442\u0430!<\/h3>\t\t\t\t<\/div>\n\t\t\t\t<\/div>\n\t\t\t\t<div class=\"elementor-element elementor-element-f6e2b6e elementor-widget elementor-widget-text-editor\" data-id=\"f6e2b6e\" data-element_type=\"widget\" data-e-type=\"widget\" data-widget_type=\"text-editor.default\">\n\t\t\t\t<div class=\"elementor-widget-container\">\n\t\t\t\t\t<style>.elementor-element-f6e2b6e{display:none !important}<\/style>\t\t\t\t<\/div>\n\t\t\t\t<\/div>\n\t\t\t\t\t<\/div>\n\t\t\t\t<\/div>\n\t\t\t\t<\/div>","protected":false},"excerpt":{"rendered":"<p>So funktioniert es \u00a0Der Wechsel zu uns ist einfach, schnell und unkompliziert. In nur wenigen Schritten sichern Sie sich g\u00fcnstige und nachhaltige Energie f\u00fcr Ihr Zuhause. 1. Tarif ausw\u00e4hlen Besuchen Sie unsere Website und geben Sie Ihre Postleitzahl sowie Ihren gesch\u00e4tzten Jahresverbrauch ein. Wir zeigen Ihnen sofort die passenden Tarife f\u00fcr Ihre Region. W\u00e4hlen Sie [&hellip;]<\/p>\n","protected":false},"author":2,"featured_media":0,"parent":0,"menu_order":0,"comment_status":"closed","ping_status":"closed","template":"","meta":{"inline_featured_image":false,"footnotes":""},"class_list":["post-775","page","type-page","status-publish","hentry"],"yoast_head":"<!-- This site is optimized with the Yoast SEO Premium plugin v26.8 (Yoast SEO v27.5) - https:\/\/yoast.com\/product\/yoast-seo-premium-wordpress\/ -->\n<title>Wechselablauf - energora<\/title>\n<meta name=\"robots\" content=\"index, follow, max-snippet:-1, max-image-preview:large, max-video-preview:-1\" \/>\n<link rel=\"canonical\" href=\"https:\/\/energora.de\/ru\/so-funktionierts\/\" \/>\n<meta property=\"og:locale\" content=\"ru_RU\" \/>\n<meta property=\"og:type\" content=\"article\" \/>\n<meta property=\"og:title\" content=\"Wechselablauf\" \/>\n<meta property=\"og:description\" content=\"So funktioniert es \u00a0Der Wechsel zu uns ist einfach, schnell und unkompliziert. In nur wenigen Schritten sichern Sie sich g\u00fcnstige und nachhaltige Energie f\u00fcr Ihr Zuhause. 1. Tarif ausw\u00e4hlen Besuchen Sie unsere Website und geben Sie Ihre Postleitzahl sowie Ihren gesch\u00e4tzten Jahresverbrauch ein. Wir zeigen Ihnen sofort die passenden Tarife f\u00fcr Ihre Region. W\u00e4hlen Sie [&hellip;]\" \/>\n<meta property=\"og:url\" content=\"https:\/\/energora.de\/ru\/so-funktionierts\/\" \/>\n<meta property=\"og:site_name\" content=\"energora\" \/>\n<meta property=\"article:modified_time\" content=\"2025-01-21T22:23:16+00:00\" \/>\n<meta name=\"twitter:card\" content=\"summary_large_image\" \/>\n<meta name=\"twitter:label1\" content=\"\u041f\u0440\u0438\u043c\u0435\u0440\u043d\u043e\u0435 \u0432\u0440\u0435\u043c\u044f \u0434\u043b\u044f \u0447\u0442\u0435\u043d\u0438\u044f\" \/>\n\t<meta name=\"twitter:data1\" content=\"3 \u043c\u0438\u043d\u0443\u0442\u044b\" \/>\n<script type=\"application\/ld+json\" class=\"yoast-schema-graph\">{\"@context\":\"https:\\\/\\\/schema.org\",\"@graph\":[{\"@type\":\"WebPage\",\"@id\":\"https:\\\/\\\/energora.de\\\/so-funktionierts\\\/\",\"url\":\"https:\\\/\\\/energora.de\\\/so-funktionierts\\\/\",\"name\":\"Wechselablauf - energora\",\"isPartOf\":{\"@id\":\"https:\\\/\\\/energora.de\\\/#website\"},\"datePublished\":\"2024-09-17T13:08:32+00:00\",\"dateModified\":\"2025-01-21T22:23:16+00:00\",\"breadcrumb\":{\"@id\":\"https:\\\/\\\/energora.de\\\/so-funktionierts\\\/#breadcrumb\"},\"inLanguage\":\"ru-RU\",\"potentialAction\":[{\"@type\":\"ReadAction\",\"target\":[\"https:\\\/\\\/energora.de\\\/so-funktionierts\\\/\"]}]},{\"@type\":\"BreadcrumbList\",\"@id\":\"https:\\\/\\\/energora.de\\\/so-funktionierts\\\/#breadcrumb\",\"itemListElement\":[{\"@type\":\"ListItem\",\"position\":1,\"name\":\"Startseite\",\"item\":\"https:\\\/\\\/energora.de\\\/\"},{\"@type\":\"ListItem\",\"position\":2,\"name\":\"Wechselablauf\"}]},{\"@type\":\"WebSite\",\"@id\":\"https:\\\/\\\/energora.de\\\/#website\",\"url\":\"https:\\\/\\\/energora.de\\\/\",\"name\":\"Energora\",\"description\":\"\",\"publisher\":{\"@id\":\"https:\\\/\\\/energora.de\\\/#organization\"},\"potentialAction\":[{\"@type\":\"SearchAction\",\"target\":{\"@type\":\"EntryPoint\",\"urlTemplate\":\"https:\\\/\\\/energora.de\\\/?s={search_term_string}\"},\"query-input\":{\"@type\":\"PropertyValueSpecification\",\"valueRequired\":true,\"valueName\":\"search_term_string\"}}],\"inLanguage\":\"ru-RU\"},{\"@type\":\"Organization\",\"@id\":\"https:\\\/\\\/energora.de\\\/#organization\",\"name\":\"Energora\",\"url\":\"https:\\\/\\\/energora.de\\\/\",\"logo\":{\"@type\":\"ImageObject\",\"inLanguage\":\"ru-RU\",\"@id\":\"https:\\\/\\\/energora.de\\\/#\\\/schema\\\/logo\\\/image\\\/\",\"url\":\"https:\\\/\\\/energora.de\\\/wp-content\\\/uploads\\\/2024\\\/06\\\/logo-1.svg\",\"contentUrl\":\"https:\\\/\\\/energora.de\\\/wp-content\\\/uploads\\\/2024\\\/06\\\/logo-1.svg\",\"width\":298,\"height\":47,\"caption\":\"Energora\"},\"image\":{\"@id\":\"https:\\\/\\\/energora.de\\\/#\\\/schema\\\/logo\\\/image\\\/\"}}]}<\/script>\n<!-- \/ Yoast SEO Premium plugin. -->","yoast_head_json":{"title":"Wechselablauf - energora","robots":{"index":"index","follow":"follow","max-snippet":"max-snippet:-1","max-image-preview":"max-image-preview:large","max-video-preview":"max-video-preview:-1"},"canonical":"https:\/\/energora.de\/ru\/so-funktionierts\/","og_locale":"ru_RU","og_type":"article","og_title":"Wechselablauf","og_description":"So funktioniert es \u00a0Der Wechsel zu uns ist einfach, schnell und unkompliziert. In nur wenigen Schritten sichern Sie sich g\u00fcnstige und nachhaltige Energie f\u00fcr Ihr Zuhause. 1. Tarif ausw\u00e4hlen Besuchen Sie unsere Website und geben Sie Ihre Postleitzahl sowie Ihren gesch\u00e4tzten Jahresverbrauch ein. Wir zeigen Ihnen sofort die passenden Tarife f\u00fcr Ihre Region. W\u00e4hlen Sie [&hellip;]","og_url":"https:\/\/energora.de\/ru\/so-funktionierts\/","og_site_name":"energora","article_modified_time":"2025-01-21T22:23:16+00:00","twitter_card":"summary_large_image","twitter_misc":{"\u041f\u0440\u0438\u043c\u0435\u0440\u043d\u043e\u0435 \u0432\u0440\u0435\u043c\u044f \u0434\u043b\u044f \u0447\u0442\u0435\u043d\u0438\u044f":"3 \u043c\u0438\u043d\u0443\u0442\u044b"},"schema":{"@context":"https:\/\/schema.org","@graph":[{"@type":"WebPage","@id":"https:\/\/energora.de\/so-funktionierts\/","url":"https:\/\/energora.de\/so-funktionierts\/","name":"Wechselablauf - energora","isPartOf":{"@id":"https:\/\/energora.de\/#website"},"datePublished":"2024-09-17T13:08:32+00:00","dateModified":"2025-01-21T22:23:16+00:00","breadcrumb":{"@id":"https:\/\/energora.de\/so-funktionierts\/#breadcrumb"},"inLanguage":"ru-RU","potentialAction":[{"@type":"ReadAction","target":["https:\/\/energora.de\/so-funktionierts\/"]}]},{"@type":"BreadcrumbList","@id":"https:\/\/energora.de\/so-funktionierts\/#breadcrumb","itemListElement":[{"@type":"ListItem","position":1,"name":"Startseite","item":"https:\/\/energora.de\/"},{"@type":"ListItem","position":2,"name":"Wechselablauf"}]},{"@type":"WebSite","@id":"https:\/\/energora.de\/#website","url":"https:\/\/energora.de\/","name":"Energora","description":"","publisher":{"@id":"https:\/\/energora.de\/#organization"},"potentialAction":[{"@type":"SearchAction","target":{"@type":"EntryPoint","urlTemplate":"https:\/\/energora.de\/?s={search_term_string}"},"query-input":{"@type":"PropertyValueSpecification","valueRequired":true,"valueName":"search_term_string"}}],"inLanguage":"ru-RU"},{"@type":"Organization","@id":"https:\/\/energora.de\/#organization","name":"Energora","url":"https:\/\/energora.de\/","logo":{"@type":"ImageObject","inLanguage":"ru-RU","@id":"https:\/\/energora.de\/#\/schema\/logo\/image\/","url":"https:\/\/energora.de\/wp-content\/uploads\/2024\/06\/logo-1.svg","contentUrl":"https:\/\/energora.de\/wp-content\/uploads\/2024\/06\/logo-1.svg","width":298,"height":47,"caption":"Energora"},"image":{"@id":"https:\/\/energora.de\/#\/schema\/logo\/image\/"}}]}},"_links":{"self":[{"href":"https:\/\/energora.de\/ru\/wp-json\/wp\/v2\/pages\/775","targetHints":{"allow":["GET"]}}],"collection":[{"href":"https:\/\/energora.de\/ru\/wp-json\/wp\/v2\/pages"}],"about":[{"href":"https:\/\/energora.de\/ru\/wp-json\/wp\/v2\/types\/page"}],"author":[{"embeddable":true,"href":"https:\/\/energora.de\/ru\/wp-json\/wp\/v2\/users\/2"}],"replies":[{"embeddable":true,"href":"https:\/\/energora.de\/ru\/wp-json\/wp\/v2\/comments?post=775"}],"version-history":[{"count":93,"href":"https:\/\/energora.de\/ru\/wp-json\/wp\/v2\/pages\/775\/revisions"}],"predecessor-version":[{"id":11509,"href":"https:\/\/energora.de\/ru\/wp-json\/wp\/v2\/pages\/775\/revisions\/11509"}],"wp:attachment":[{"href":"https:\/\/energora.de\/ru\/wp-json\/wp\/v2\/media?parent=775"}],"curies":[{"name":"wp","href":"https:\/\/api.w.org\/{rel}","templated":true}]}}