{"id":10373,"date":"2024-12-04T21:16:28","date_gmt":"2024-12-04T21:16:28","guid":{"rendered":"https:\/\/energora.de\/?page_id=10373"},"modified":"2024-12-16T21:09:48","modified_gmt":"2024-12-16T21:09:48","slug":"agb","status":"publish","type":"page","link":"https:\/\/energora.de\/ru\/agb\/","title":{"rendered":"AGB"},"content":{"rendered":"<div data-elementor-type=\"wp-page\" data-elementor-id=\"10373\" class=\"elementor elementor-10373\" data-elementor-post-type=\"page\">\n\t\t\t\t<div class=\"elementor-element elementor-element-1bb0d69 e-flex e-con-boxed e-con e-parent\" data-id=\"1bb0d69\" data-element_type=\"container\" data-e-type=\"container\">\n\t\t\t\t\t<div class=\"e-con-inner\">\n\t\t\t\t<div class=\"elementor-element elementor-element-a9716e0 elementor-widget elementor-widget-heading\" data-id=\"a9716e0\" data-element_type=\"widget\" data-e-type=\"widget\" data-widget_type=\"heading.default\">\n\t\t\t\t<div class=\"elementor-widget-container\">\n\t\t\t\t\t<h2 class=\"elementor-heading-title elementor-size-default\">ALLGEMEINE GESCH\u00c4FTSBEDINGUNGEN MIT KUNDENINFORMATIONEN<\/h2>\t\t\t\t<\/div>\n\t\t\t\t<\/div>\n\t\t\t\t<div class=\"elementor-element elementor-element-f3bb5e3 elementor-widget elementor-widget-text-editor\" data-id=\"f3bb5e3\" data-element_type=\"widget\" data-e-type=\"widget\" data-widget_type=\"text-editor.default\">\n\t\t\t\t<div class=\"elementor-widget-container\">\n\t\t\t\t\t\t\t\t\t<h6>Inhaltsverzeichnis<\/h6><ol><li>Geltungsbereich<\/li><li>Vertragsschluss<\/li><li>Widerrufsrecht<\/li><li>Preise und Zahlungsbedingungen<\/li><li>Vertragsdauer und Vertragsbeendigung bei Dauerschuldverh\u00e4ltnissen<\/li><li>Haftung<\/li><li>Anwendbares Recht<\/li><li>Gerichtsstand<\/li><li>Alternative Streitbeilegung<\/li><\/ol><h6>1) Geltungsbereich<\/h6><p><b>1.1<\/b>\u00a0Diese Allgemeinen Gesch\u00e4ftsbedingungen (nachfolgend &#8222;AGB&#8220;) der Energora GmbH (nachfolgend &#8222;Anbieter&#8220;), gelten f\u00fcr alle Vertr\u00e4ge zur Erbringung von Dienstleistungen, die ein Verbraucher oder Unternehmer (nachfolgend \u201eKunde\u201c) mit dem Anbieter hinsichtlich der vom Anbieter auf seiner Website dargestellten Leistungen abschlie\u00dft. Hiermit wird der Einbeziehung von eigenen Bedingungen des Kunden widersprochen, es sei denn, es ist etwas anderes vereinbart.<\/p><p><b>1.2<\/b>\u00a0Verbraucher im Sinne dieser AGB ist jede nat\u00fcrliche Person, die ein Rechtsgesch\u00e4ft zu Zwecken abschlie\u00dft, die \u00fcberwiegend weder ihrer gewerblichen noch ihrer selbst\u00e4ndigen beruflichen T\u00e4tigkeit zugerechnet werden k\u00f6nnen. Unternehmer im Sinne dieser AGB ist eine nat\u00fcrliche oder juristische Person oder eine rechtsf\u00e4hige Personengesellschaft, die bei Abschluss eines Rechtsgesch\u00e4fts in Aus\u00fcbung ihrer gewerblichen oder selbst\u00e4ndigen beruflichen T\u00e4tigkeit handelt.<\/p><h6>2) Vertragsschluss<\/h6><p><b>2.1<\/b>\u00a0Die auf der Website des Anbieters befindlichen Leistungsbeschreibungen stellen keine verbindlichen Angebote seitens des Anbieters dar, sondern dienen zur Abgabe eines verbindlichen Angebots durch den Kunden.<\/p><p><b>2.2<\/b>\u00a0Der Kunde kann das Angebot \u00fcber das in die Website des Anbieters integrierte Online-Bestellformular abgeben. Dabei gibt der Kunde, nachdem er die ausgew\u00e4hlten Leistungen in den virtuellen Warenkorb gelegt und den elektronischen Bestellprozess durchlaufen hat, durch Klicken des den Bestellvorgang abschlie\u00dfenden Buttons ein rechtlich verbindliches Vertragsangebot in Bezug auf die im Warenkorb enthaltenen Leistungen ab.<\/p><p><b>2.3<\/b>\u00a0Der Anbieter kann das Angebot des Kunden innerhalb von f\u00fcnf Tagen annehmen,<\/p><ul><li>indem er dem Kunden eine schriftliche Auftragsbest\u00e4tigung oder eine Auftragsbest\u00e4tigung in Textform (Fax oder E-Mail) \u00fcbermittelt, wobei insoweit der Zugang der Auftragsbest\u00e4tigung beim Kunden ma\u00dfgeblich ist, oder<\/li><li>indem er auf Anforderung des Kunden mit der Ausf\u00fchrung der Leistung beginnt und dies dem Kunden anzeigt, oder<\/li><li>indem er den Kunden nach Abgabe von dessen Bestellung zur Zahlung auffordert.<\/li><\/ul><p>Liegen mehrere der vorgenannten Alternativen vor, kommt der Vertrag in dem Zeitpunkt zustande, in dem eine der vorgenannten Alternativen zuerst eintritt. Die Frist zur Annahme des Angebots beginnt am Tag nach der Absendung des Angebots durch den Kunden zu laufen und endet mit dem Ablauf des f\u00fcnften Tages, welcher auf die Absendung des Angebots folgt. Nimmt der Anbieter das Angebot des Kunden innerhalb vorgenannter Frist nicht an, so gilt dies als Ablehnung des Angebots mit der Folge, dass der Kunde nicht mehr an seine Willenserkl\u00e4rung gebunden ist.<\/p><p><b>2.4<\/b>\u00a0Bei der Abgabe eines Angebots \u00fcber das Online-Bestellformular des Anbieters wird der Vertragstext nach dem Vertragsschluss vom Anbieter gespeichert und dem Kunden nach Absendung von dessen Bestellung in Textform (z. B. E-Mail, Fax oder Brief) \u00fcbermittelt. Eine dar\u00fcber hinausgehende Zug\u00e4nglichmachung des Vertragstextes durch den Anbieter erfolgt nicht. Sofern der Kunde vor Absendung seiner Bestellung ein Nutzerkonto im Website des Anbieters eingerichtet hat, werden die Bestelldaten auf der Website des Anbieters archiviert und k\u00f6nnen vom Kunden \u00fcber dessen passwortgesch\u00fctztes Nutzerkonto unter Angabe der entsprechenden Login-Daten kostenlos abgerufen werden.<\/p><p><b>2.5<\/b>\u00a0Vor verbindlicher Abgabe der Bestellung \u00fcber das Online-Bestellformular des Anbieters kann der Kunde m\u00f6gliche Eingabefehler durch aufmerksames Lesen der auf dem Bildschirm dargestellten Informationen erkennen. Ein wirksames technisches Mittel zur besseren Erkennung von Eingabefehlern kann dabei die Vergr\u00f6\u00dferungsfunktion des Browsers sein, mit deren Hilfe die Darstellung auf dem Bildschirm vergr\u00f6\u00dfert wird. Seine Eingaben kann der Kunde im Rahmen des elektronischen Bestellprozesses so lange \u00fcber die \u00fcblichen Tastatur- und Mausfunktionen korrigieren, bis er den Button anklickt, welcher den Bestellvorgang abschlie\u00dft.<\/p><p><b>2.6<\/b>\u00a0F\u00fcr den Vertragsschluss steht die deutsche Sprache zur Verf\u00fcgung.<\/p><p><b>2.7<\/b>\u00a0Die Bestellabwicklung und Kontaktaufnahme finden in der Regel per E-Mail und automatisierter Bestellabwicklung statt. Der Kunde hat sicherzustellen, dass die von ihm zur Bestellabwicklung angegebene E-Mail-Adresse zutreffend ist, so dass unter dieser Adresse die vom Anbieter versandten E-Mails empfangen werden k\u00f6nnen. Insbesondere hat der Kunde bei dem Einsatz von SPAM-Filtern sicherzustellen, dass alle vom Anbieter oder von diesem mit der Bestellabwicklung beauftragten Dritten versandten E-Mails zugestellt werden k\u00f6nnen.<\/p><h6>3) Widerrufsrecht<\/h6><p>Verbrauchern steht grunds\u00e4tzlich ein Widerrufsrecht zu. N\u00e4here Informationen zum Widerrufsrecht ergeben sich aus der Widerrufsbelehrung des Anbieters.<\/p><h6>4) Preise und Zahlungsbedingungen<\/h6><p><b>4.1<\/b>\u00a0Sofern sich aus der Leistungsbeschreibung des Anbieters nichts anderes ergibt, handelt es sich bei den angegebenen Preisen um Gesamtpreise, die die gesetzliche Umsatzsteuer enthalten.<\/p><p><b>4.2<\/b>\u00a0Die Zahlungsm\u00f6glichkeit(en) und Zahlungsmodalit\u00e4ten werden dem Kunden auf der Website des Anbieters mitgeteilt.<\/p><h6>5) Vertragsdauer und Vertragsbeendigung bei Dauerschuldverh\u00e4ltnissen<\/h6><p><b>5.1<\/b>\u00a0Informationen zu Vertragsdauer und Vertragsbeendigung, insbesondere zu den K\u00fcndigungsmodalit\u00e4ten bei Dienstleistungen, die im Rahmen von Dauerschuldverh\u00e4ltnissen erbracht werden, werden dem Kunden im Rahmen der jeweiligen Leistungsbeschreibung auf der Website des Anbieters mitgeteilt.<\/p><p><b>5.2<\/b>\u00a0Das Recht zur au\u00dferordentlichen K\u00fcndigung aus wichtigem Grund bleibt unber\u00fchrt. Ein wichtiger Grund liegt vor, wenn dem k\u00fcndigenden Teil unter Ber\u00fccksichtigung aller Umst\u00e4nde des Einzelfalls und unter Abw\u00e4gung der beiderseitigen Interessen die Fortsetzung des Vertragsverh\u00e4ltnisses bis zur vereinbarten Beendigung oder bis zum Ablauf einer K\u00fcndigungsfrist nicht zugemutet werden kann.<\/p><p><b>5.3<\/b>\u00a0K\u00fcndigungen k\u00f6nnen schriftlich, in Textform (z. B. per E-Mail) oder in elektronischer Form \u00fcber die vom Anbieter auf seiner Website vorgehaltene K\u00fcndigungsvorrichtung (K\u00fcndigungsbutton) erfolgen.<\/p><h6>6) Haftung<\/h6><p>Der Anbieter haftet dem Kunden aus allen vertraglichen, vertrags\u00e4hnlichen und gesetzlichen, auch deliktischen Anspr\u00fcchen auf Schadens- und Aufwendungsersatz wie folgt:<\/p><p><b>6.1<\/b>\u00a0Der Anbieter haftet aus jedem Rechtsgrund uneingeschr\u00e4nkt<\/p><ul><li>bei Vorsatz oder grober Fahrl\u00e4ssigkeit,<\/li><li>bei vors\u00e4tzlicher oder fahrl\u00e4ssiger Verletzung des Lebens, des K\u00f6rpers oder der Gesundheit,<\/li><li>aufgrund eines Garantieversprechens, soweit diesbez\u00fcglich nichts anderes geregelt ist,<\/li><li>aufgrund zwingender Haftung wie etwa nach dem Produkthaftungsgesetz.<\/li><\/ul><p><b>6.2<\/b>\u00a0Verletzt der Anbieter fahrl\u00e4ssig eine wesentliche Vertragspflicht, ist die Haftung auf den vertragstypischen, vorhersehbaren Schaden begrenzt, sofern nicht gem\u00e4\u00df vorstehender Ziffer unbeschr\u00e4nkt gehaftet wird. Wesentliche Vertragspflichten sind Pflichten, die der Vertrag dem Anbieter nach seinem Inhalt zur Erreichung des Vertragszwecks auferlegt, deren Erf\u00fcllung die ordnungsgem\u00e4\u00dfe Durchf\u00fchrung des Vertrags \u00fcberhaupt erst erm\u00f6glicht und auf deren Einhaltung der Kunde regelm\u00e4\u00dfig vertrauen darf.<\/p><p><b>6.3<\/b>\u00a0Im \u00dcbrigen ist eine Haftung des Anbieters ausgeschlossen.<\/p><p><b>6.4<\/b>\u00a0Vorstehende Haftungsregelungen gelten auch im Hinblick auf die Haftung des Anbieters f\u00fcr seine Erf\u00fcllungsgehilfen und gesetzlichen Vertreter.<\/p><h6>7) Anwendbares Recht<\/h6><p><b>7.1<\/b>\u00a0F\u00fcr s\u00e4mtliche Rechtsbeziehungen der Parteien gilt das Recht der Bundesrepublik Deutschland unter Ausschluss der Gesetze \u00fcber den internationalen Kauf beweglicher Waren. Bei Verbrauchern gilt diese Rechtswahl nur insoweit, als nicht der gew\u00e4hrte Schutz durch zwingende Bestimmungen des Rechts des Staates, in dem der Verbraucher seinen gew\u00f6hnlichen Aufenthalt hat, entzogen wird.<\/p><p><b>7.2<\/b>\u00a0Ferner gilt diese Rechtswahl im Hinblick auf das gesetzliche Widerrufsrecht nicht bei Verbrauchern, die zum Zeitpunkt des Vertragsschlusses keinem Mitgliedstaat der Europ\u00e4ischen Union angeh\u00f6ren und deren alleiniger Wohnsitz und Lieferadresse zum Zeitpunkt des Vertragsschlusses au\u00dferhalb der Europ\u00e4ischen Union liegen.<\/p><h6>8) Gerichtsstand<\/h6><p>Handelt der Kunde als Kaufmann, juristische Person des \u00f6ffentlichen Rechts oder \u00f6ffentlich-rechtliches Sonderverm\u00f6gen mit Sitz im Hoheitsgebiet der Bundesrepublik Deutschland, ist ausschlie\u00dflicher Gerichtsstand f\u00fcr alle Streitigkeiten aus diesem Vertrag der Gesch\u00e4ftssitz des Anbieters. Hat der Kunde seinen Sitz au\u00dferhalb des Hoheitsgebiets der Bundesrepublik Deutschland, so ist der Gesch\u00e4ftssitz des Anbieters ausschlie\u00dflicher Gerichtsstand f\u00fcr alle Streitigkeiten aus diesem Vertrag, wenn der Vertrag oder Anspr\u00fcche aus dem Vertrag der beruflichen oder gewerblichen T\u00e4tigkeit des Kunden zugerechnet werden k\u00f6nnen. Der Anbieter ist in den vorstehenden F\u00e4llen jedoch in jedem Fall berechtigt, das Gericht am Sitz des Kunden anzurufen.<\/p><h6>9) Alternative Streitbeilegung<\/h6><p><b>9.1<\/b>\u00a0Die EU-Kommission stellt im Internet unter folgendem Link eine Plattform zur Online-Streitbeilegung bereit: <a href=\"https:\/\/ec.europa.eu\/consumers\/odr\" target=\"_blank\" rel=\"noopener\">https:\/\/ec.europa.eu<wbr \/>\/consumers<wbr \/>\/odr<\/a><\/p><p>Diese Plattform dient als Anlaufstelle zur au\u00dfergerichtlichen Beilegung von Streitigkeiten aus Online-Kauf- oder Dienstleistungsvertr\u00e4gen, an denen ein Verbraucher beteiligt ist.<\/p><p><b>9.2<\/b>\u00a0Der Anbieter ist zur Teilnahme an einem Streitbeilegungsverfahren vor einer Verbraucherschlichtungsstelle nicht verpflichtet, hierzu aber bereit.<\/p>\t\t\t\t\t\t\t\t<\/div>\n\t\t\t\t<\/div>\n\t\t\t\t\t<\/div>\n\t\t\t\t<\/div>\n\t\t\t\t<\/div>","protected":false},"excerpt":{"rendered":"<p>ALLGEMEINE GESCH\u00c4FTSBEDINGUNGEN MIT KUNDENINFORMATIONEN Inhaltsverzeichnis Geltungsbereich Vertragsschluss Widerrufsrecht Preise und Zahlungsbedingungen Vertragsdauer und Vertragsbeendigung bei Dauerschuldverh\u00e4ltnissen Haftung Anwendbares Recht Gerichtsstand Alternative Streitbeilegung 1) Geltungsbereich 1.1\u00a0Diese Allgemeinen Gesch\u00e4ftsbedingungen (nachfolgend &#8222;AGB&#8220;) der Energora GmbH (nachfolgend &#8222;Anbieter&#8220;), gelten f\u00fcr alle Vertr\u00e4ge zur Erbringung von Dienstleistungen, die ein Verbraucher oder Unternehmer (nachfolgend \u201eKunde\u201c) mit dem Anbieter hinsichtlich der vom [&hellip;]<\/p>\n","protected":false},"author":2,"featured_media":0,"parent":0,"menu_order":0,"comment_status":"closed","ping_status":"closed","template":"","meta":{"inline_featured_image":false,"footnotes":""},"class_list":["post-10373","page","type-page","status-publish","hentry"],"yoast_head":"<!-- This site is optimized with the Yoast SEO Premium plugin v26.8 (Yoast SEO v27.4) - https:\/\/yoast.com\/product\/yoast-seo-premium-wordpress\/ -->\n<title>AGB - energora<\/title>\n<meta name=\"robots\" content=\"index, follow, max-snippet:-1, max-image-preview:large, max-video-preview:-1\" \/>\n<link rel=\"canonical\" href=\"https:\/\/energora.de\/ru\/agb\/\" \/>\n<meta property=\"og:locale\" content=\"ru_RU\" \/>\n<meta property=\"og:type\" content=\"article\" \/>\n<meta property=\"og:title\" content=\"AGB\" \/>\n<meta property=\"og:description\" content=\"ALLGEMEINE GESCH\u00c4FTSBEDINGUNGEN MIT KUNDENINFORMATIONEN Inhaltsverzeichnis Geltungsbereich Vertragsschluss Widerrufsrecht Preise und Zahlungsbedingungen Vertragsdauer und Vertragsbeendigung bei Dauerschuldverh\u00e4ltnissen Haftung Anwendbares Recht Gerichtsstand Alternative Streitbeilegung 1) Geltungsbereich 1.1\u00a0Diese Allgemeinen Gesch\u00e4ftsbedingungen (nachfolgend &#8222;AGB&#8220;) der Energora GmbH (nachfolgend &#8222;Anbieter&#8220;), gelten f\u00fcr alle Vertr\u00e4ge zur Erbringung von Dienstleistungen, die ein Verbraucher oder Unternehmer (nachfolgend \u201eKunde\u201c) mit dem Anbieter hinsichtlich der vom [&hellip;]\" \/>\n<meta property=\"og:url\" content=\"https:\/\/energora.de\/ru\/agb\/\" \/>\n<meta property=\"og:site_name\" content=\"energora\" \/>\n<meta property=\"article:modified_time\" content=\"2024-12-16T21:09:48+00:00\" \/>\n<meta name=\"twitter:card\" content=\"summary_large_image\" \/>\n<meta name=\"twitter:label1\" content=\"\u041f\u0440\u0438\u043c\u0435\u0440\u043d\u043e\u0435 \u0432\u0440\u0435\u043c\u044f \u0434\u043b\u044f \u0447\u0442\u0435\u043d\u0438\u044f\" \/>\n\t<meta name=\"twitter:data1\" content=\"7 \u043c\u0438\u043d\u0443\u0442\" \/>\n<script type=\"application\/ld+json\" class=\"yoast-schema-graph\">{\"@context\":\"https:\\\/\\\/schema.org\",\"@graph\":[{\"@type\":\"WebPage\",\"@id\":\"https:\\\/\\\/energora.de\\\/agb\\\/\",\"url\":\"https:\\\/\\\/energora.de\\\/agb\\\/\",\"name\":\"AGB - energora\",\"isPartOf\":{\"@id\":\"https:\\\/\\\/energora.de\\\/#website\"},\"datePublished\":\"2024-12-04T21:16:28+00:00\",\"dateModified\":\"2024-12-16T21:09:48+00:00\",\"breadcrumb\":{\"@id\":\"https:\\\/\\\/energora.de\\\/agb\\\/#breadcrumb\"},\"inLanguage\":\"ru-RU\",\"potentialAction\":[{\"@type\":\"ReadAction\",\"target\":[\"https:\\\/\\\/energora.de\\\/agb\\\/\"]}]},{\"@type\":\"BreadcrumbList\",\"@id\":\"https:\\\/\\\/energora.de\\\/agb\\\/#breadcrumb\",\"itemListElement\":[{\"@type\":\"ListItem\",\"position\":1,\"name\":\"Startseite\",\"item\":\"https:\\\/\\\/energora.de\\\/\"},{\"@type\":\"ListItem\",\"position\":2,\"name\":\"AGB\"}]},{\"@type\":\"WebSite\",\"@id\":\"https:\\\/\\\/energora.de\\\/#website\",\"url\":\"https:\\\/\\\/energora.de\\\/\",\"name\":\"Energora\",\"description\":\"\",\"publisher\":{\"@id\":\"https:\\\/\\\/energora.de\\\/#organization\"},\"potentialAction\":[{\"@type\":\"SearchAction\",\"target\":{\"@type\":\"EntryPoint\",\"urlTemplate\":\"https:\\\/\\\/energora.de\\\/?s={search_term_string}\"},\"query-input\":{\"@type\":\"PropertyValueSpecification\",\"valueRequired\":true,\"valueName\":\"search_term_string\"}}],\"inLanguage\":\"ru-RU\"},{\"@type\":\"Organization\",\"@id\":\"https:\\\/\\\/energora.de\\\/#organization\",\"name\":\"Energora\",\"url\":\"https:\\\/\\\/energora.de\\\/\",\"logo\":{\"@type\":\"ImageObject\",\"inLanguage\":\"ru-RU\",\"@id\":\"https:\\\/\\\/energora.de\\\/#\\\/schema\\\/logo\\\/image\\\/\",\"url\":\"https:\\\/\\\/energora.de\\\/wp-content\\\/uploads\\\/2024\\\/06\\\/logo-1.svg\",\"contentUrl\":\"https:\\\/\\\/energora.de\\\/wp-content\\\/uploads\\\/2024\\\/06\\\/logo-1.svg\",\"width\":298,\"height\":47,\"caption\":\"Energora\"},\"image\":{\"@id\":\"https:\\\/\\\/energora.de\\\/#\\\/schema\\\/logo\\\/image\\\/\"}}]}<\/script>\n<!-- \/ Yoast SEO Premium plugin. -->","yoast_head_json":{"title":"AGB - energora","robots":{"index":"index","follow":"follow","max-snippet":"max-snippet:-1","max-image-preview":"max-image-preview:large","max-video-preview":"max-video-preview:-1"},"canonical":"https:\/\/energora.de\/ru\/agb\/","og_locale":"ru_RU","og_type":"article","og_title":"AGB","og_description":"ALLGEMEINE GESCH\u00c4FTSBEDINGUNGEN MIT KUNDENINFORMATIONEN Inhaltsverzeichnis Geltungsbereich Vertragsschluss Widerrufsrecht Preise und Zahlungsbedingungen Vertragsdauer und Vertragsbeendigung bei Dauerschuldverh\u00e4ltnissen Haftung Anwendbares Recht Gerichtsstand Alternative Streitbeilegung 1) Geltungsbereich 1.1\u00a0Diese Allgemeinen Gesch\u00e4ftsbedingungen (nachfolgend &#8222;AGB&#8220;) der Energora GmbH (nachfolgend &#8222;Anbieter&#8220;), gelten f\u00fcr alle Vertr\u00e4ge zur Erbringung von Dienstleistungen, die ein Verbraucher oder Unternehmer (nachfolgend \u201eKunde\u201c) mit dem Anbieter hinsichtlich der vom [&hellip;]","og_url":"https:\/\/energora.de\/ru\/agb\/","og_site_name":"energora","article_modified_time":"2024-12-16T21:09:48+00:00","twitter_card":"summary_large_image","twitter_misc":{"\u041f\u0440\u0438\u043c\u0435\u0440\u043d\u043e\u0435 \u0432\u0440\u0435\u043c\u044f \u0434\u043b\u044f \u0447\u0442\u0435\u043d\u0438\u044f":"7 \u043c\u0438\u043d\u0443\u0442"},"schema":{"@context":"https:\/\/schema.org","@graph":[{"@type":"WebPage","@id":"https:\/\/energora.de\/agb\/","url":"https:\/\/energora.de\/agb\/","name":"AGB - energora","isPartOf":{"@id":"https:\/\/energora.de\/#website"},"datePublished":"2024-12-04T21:16:28+00:00","dateModified":"2024-12-16T21:09:48+00:00","breadcrumb":{"@id":"https:\/\/energora.de\/agb\/#breadcrumb"},"inLanguage":"ru-RU","potentialAction":[{"@type":"ReadAction","target":["https:\/\/energora.de\/agb\/"]}]},{"@type":"BreadcrumbList","@id":"https:\/\/energora.de\/agb\/#breadcrumb","itemListElement":[{"@type":"ListItem","position":1,"name":"Startseite","item":"https:\/\/energora.de\/"},{"@type":"ListItem","position":2,"name":"AGB"}]},{"@type":"WebSite","@id":"https:\/\/energora.de\/#website","url":"https:\/\/energora.de\/","name":"Energora","description":"","publisher":{"@id":"https:\/\/energora.de\/#organization"},"potentialAction":[{"@type":"SearchAction","target":{"@type":"EntryPoint","urlTemplate":"https:\/\/energora.de\/?s={search_term_string}"},"query-input":{"@type":"PropertyValueSpecification","valueRequired":true,"valueName":"search_term_string"}}],"inLanguage":"ru-RU"},{"@type":"Organization","@id":"https:\/\/energora.de\/#organization","name":"Energora","url":"https:\/\/energora.de\/","logo":{"@type":"ImageObject","inLanguage":"ru-RU","@id":"https:\/\/energora.de\/#\/schema\/logo\/image\/","url":"https:\/\/energora.de\/wp-content\/uploads\/2024\/06\/logo-1.svg","contentUrl":"https:\/\/energora.de\/wp-content\/uploads\/2024\/06\/logo-1.svg","width":298,"height":47,"caption":"Energora"},"image":{"@id":"https:\/\/energora.de\/#\/schema\/logo\/image\/"}}]}},"_links":{"self":[{"href":"https:\/\/energora.de\/ru\/wp-json\/wp\/v2\/pages\/10373","targetHints":{"allow":["GET"]}}],"collection":[{"href":"https:\/\/energora.de\/ru\/wp-json\/wp\/v2\/pages"}],"about":[{"href":"https:\/\/energora.de\/ru\/wp-json\/wp\/v2\/types\/page"}],"author":[{"embeddable":true,"href":"https:\/\/energora.de\/ru\/wp-json\/wp\/v2\/users\/2"}],"replies":[{"embeddable":true,"href":"https:\/\/energora.de\/ru\/wp-json\/wp\/v2\/comments?post=10373"}],"version-history":[{"count":9,"href":"https:\/\/energora.de\/ru\/wp-json\/wp\/v2\/pages\/10373\/revisions"}],"predecessor-version":[{"id":10891,"href":"https:\/\/energora.de\/ru\/wp-json\/wp\/v2\/pages\/10373\/revisions\/10891"}],"wp:attachment":[{"href":"https:\/\/energora.de\/ru\/wp-json\/wp\/v2\/media?parent=10373"}],"curies":[{"name":"wp","href":"https:\/\/api.w.org\/{rel}","templated":true}]}}